{"id":16010,"date":"2026-05-07T07:58:39","date_gmt":"2026-05-07T05:58:39","guid":{"rendered":"https:\/\/via-via.eu\/product\/romeins-ijs-bij-gelateria-mario\/"},"modified":"2026-05-07T11:49:35","modified_gmt":"2026-05-07T09:49:35","slug":"romeins-ijs-bij-gelateria-mario","status":"publish","type":"product","link":"https:\/\/via-via.eu\/fr\/produit\/romeins-ijs-bij-gelateria-mario\/","title":{"rendered":"Glace romaine chez Gelateria Mario"},"content":{"rendered":"","protected":false},"featured_media":0,"template":"","meta":{"_acf_changed":false,"inline_featured_image":false},"class_list":["post-16010","product","type-product","status-publish","hentry"],"acf":{"afb1":15770,"hoofdtitel":"Glace romaine chez Gelateria Mario","introtekst7":"Mario Vanoppen est entrepreneur dans l\u2019\u00e2me. \u00c0 <span class=\"hover:entity-accent entity-underline inline cursor-pointer align-baseline\"><span class=\"whitespace-normal\">Vroenhoven<\/span><\/span> et <span class=\"hover:entity-accent entity-underline inline cursor-pointer align-baseline\"><span class=\"whitespace-normal\">Rekem<\/span><\/span>, il a d\u00e9j\u00e0 s\u00e9duit de nombreux clients avec ses d\u00e9licieuses cr\u00e9ations glac\u00e9es. D\u00e9sormais, vous pouvez \u00e9galement savourer sa glace artisanale sur la place du march\u00e9 de <span class=\"hover:entity-accent entity-underline inline cursor-pointer align-baseline\"><span class=\"whitespace-normal\">Tongeren<\/span><\/span>, avec vue sur la magnifique basilique et \u00e0 deux pas du <span class=\"hover:entity-accent entity-underline inline cursor-pointer align-baseline\"><span class=\"whitespace-normal\">Gallo-Romeins Museum<\/span><\/span>.","builder":[{"acf_fc_layout":"tekst_foto1","tekst4":"<h2 data-section-id=\"1gfie02\" data-start=\"2864\" data-end=\"2914\">L\u2019entrepreneuriat coule-t-il dans vos veines ?<\/h2>\r\n<p data-start=\"2916\" data-end=\"3235\">Absolument. Aucun d\u00e9fi n\u2019est trop grand pour nous. Je vois des opportunit\u00e9s partout. Beaucoup d\u2019entrepreneurs baissent les bras, mais cela ne m\u00e8ne nulle part. Une attitude positive et la collaboration avec d\u2019autres entrepreneurs et organisations permettent d\u2019avancer. Ne cherchez pas les probl\u00e8mes, pensez en solutions.<\/p>\r\n\r\n<h2 data-section-id=\"1hggdxf\" data-start=\"3237\" data-end=\"3259\">Pourquoi VIA VIA ?<\/h2>\r\n<p data-start=\"3261\" data-end=\"3572\">Quand j\u2019ai entendu parler du projet VIA VIA, mon esprit cr\u00e9atif s\u2019est imm\u00e9diatement mis en marche. Qu\u2019aimaient manger les Romains ? Y avait-il d\u00e9j\u00e0 du sucre ? Non : du miel. Et quelles herbes utilisaient-ils ? Quel lait et quels fruits ? Apr\u00e8s de nombreuses questions, j\u2019ai trouv\u00e9 : la glace Via Belgica Romana.<\/p>","button_group4":null,"foto44":15794,"achtergrondkleur4":"wit","viceversa4":false},{"acf_fc_layout":"foto","carousel":[15746]},{"acf_fc_layout":"tekst_foto2","tekst5":"<h2 data-section-id=\"184d4ze\" data-start=\"3574\" data-end=\"3630\">Et quel type de glace est la glace \u00ab Via Belgica \u00bb ?<\/h2>\r\n<p data-start=\"3632\" data-end=\"3990\">Les Romains qui parcouraient de longues distances avaient eux aussi besoin de se rafra\u00eechir. Pensez aux marchands fatigu\u00e9s, aux voyageurs ou aux soldats apr\u00e8s une longue marche. Je me suis inspir\u00e9 d\u2019ingr\u00e9dients tels que le miel, la ricotta et les figues. Le c\u00f4t\u00e9 cr\u00e9meux de la ricotta, la douceur du miel et la saveur riche des figues m\u00fbres \u2014 un vrai d\u00e9lice.<\/p>\r\n\r\n<h2 data-section-id=\"15jl16a\" data-start=\"3992\" data-end=\"4027\">Le miel de l\u2019apiculteur De Kevi<\/h2>\r\n<p data-start=\"4029\" data-end=\"4319\">Collaborer avec d\u2019autres entrepreneurs locaux est essentiel pour moi. Pour la glace Via Belgica, il \u00e9tait donc \u00e9vident que je n\u2019utiliserais pas n\u2019importe quel miel. Le miel de l\u2019apiculteur local \u00ab De Kevi \u00bb est une v\u00e9ritable r\u00e9f\u00e9rence \u00e0 Tongres. Et d\u00e9sormais aussi dans notre glace romaine.<\/p>","button_group5":null,"foto5":15786,"achtergrondkleur5":"wit","viceversa5":false},{"acf_fc_layout":"foto","carousel":[15770]},{"acf_fc_layout":"tekstblok","tekst1":"<h2 data-section-id=\"1mfxwt\" data-start=\"4321\" data-end=\"4337\">Petit cadeau<\/h2>\r\n<p data-start=\"4339\" data-end=\"4688\">Chaque touriste qui passe devant notre boutique avec l\u2019application VIA VIA \/ Via Belgica entendra le son d\u2019un cornu romain. \u00c0 ce moment-l\u00e0, une fen\u00eatre pop-up \u00ab Mario\u2019s IJs \u00bb appara\u00eetra dans l\u2019application. Montrez-la dans notre boutique et recevez gratuitement une d\u00e9licieuse garniture (vermicelles color\u00e9s, cr\u00e8me chantilly ou noix) sur votre glace.<\/p>\r\n<p data-start=\"4690\" data-end=\"4794\" data-is-last-node=\"\" data-is-only-node=\"\">Bon app\u00e9tit \u2014 et profitez de toutes les merveilles romaines de <span class=\"hover:entity-accent entity-underline inline cursor-pointer align-baseline\"><span class=\"whitespace-normal\">Tongeren<\/span><\/span> !<\/p>","button_group2":null,"achtergrondkleur":"wit"}]},"yoast_head":"<!-- This site is optimized with the Yoast SEO plugin v27.6 - https:\/\/yoast.com\/product\/yoast-seo-wordpress\/ -->\n<title>Glace romaine chez Gelateria Mario - VIA VIA<\/title>\n<meta name=\"robots\" content=\"index, follow, max-snippet:-1, max-image-preview:large, max-video-preview:-1\" \/>\n<link rel=\"canonical\" href=\"https:\/\/via-via.eu\/fr\/produit\/romeins-ijs-bij-gelateria-mario\/\" \/>\n<meta property=\"og:locale\" content=\"fr_FR\" \/>\n<meta property=\"og:type\" content=\"article\" \/>\n<meta property=\"og:title\" content=\"Glace romaine chez Gelateria Mario - VIA VIA\" \/>\n<meta property=\"og:url\" content=\"https:\/\/via-via.eu\/fr\/produit\/romeins-ijs-bij-gelateria-mario\/\" \/>\n<meta property=\"og:site_name\" content=\"VIA VIA\" \/>\n<meta property=\"article:modified_time\" content=\"2026-05-07T09:49:35+00:00\" \/>\n<script type=\"application\/ld+json\" class=\"yoast-schema-graph\">{\"@context\":\"https:\\\/\\\/schema.org\",\"@graph\":[{\"@type\":\"WebPage\",\"@id\":\"https:\\\/\\\/via-via.eu\\\/fr\\\/produit\\\/romeins-ijs-bij-gelateria-mario\\\/\",\"url\":\"https:\\\/\\\/via-via.eu\\\/fr\\\/produit\\\/romeins-ijs-bij-gelateria-mario\\\/\",\"name\":\"Glace romaine chez Gelateria Mario - VIA VIA\",\"isPartOf\":{\"@id\":\"https:\\\/\\\/via-via.eu\\\/fr\\\/#website\"},\"datePublished\":\"2026-05-07T05:58:39+00:00\",\"dateModified\":\"2026-05-07T09:49:35+00:00\",\"breadcrumb\":{\"@id\":\"https:\\\/\\\/via-via.eu\\\/fr\\\/produit\\\/romeins-ijs-bij-gelateria-mario\\\/#breadcrumb\"},\"inLanguage\":\"fr-FR\",\"potentialAction\":[{\"@type\":\"ReadAction\",\"target\":[\"https:\\\/\\\/via-via.eu\\\/fr\\\/produit\\\/romeins-ijs-bij-gelateria-mario\\\/\"]}]},{\"@type\":\"BreadcrumbList\",\"@id\":\"https:\\\/\\\/via-via.eu\\\/fr\\\/produit\\\/romeins-ijs-bij-gelateria-mario\\\/#breadcrumb\",\"itemListElement\":[{\"@type\":\"ListItem\",\"position\":1,\"name\":\"Home\",\"item\":\"https:\\\/\\\/via-via.eu\\\/fr\\\/\"},{\"@type\":\"ListItem\",\"position\":2,\"name\":\"Glace romaine chez Gelateria Mario\"}]},{\"@type\":\"WebSite\",\"@id\":\"https:\\\/\\\/via-via.eu\\\/fr\\\/#website\",\"url\":\"https:\\\/\\\/via-via.eu\\\/fr\\\/\",\"name\":\"VIA VIA\",\"description\":\"Moves you\",\"potentialAction\":[{\"@type\":\"SearchAction\",\"target\":{\"@type\":\"EntryPoint\",\"urlTemplate\":\"https:\\\/\\\/via-via.eu\\\/fr\\\/?s={search_term_string}\"},\"query-input\":{\"@type\":\"PropertyValueSpecification\",\"valueRequired\":true,\"valueName\":\"search_term_string\"}}],\"inLanguage\":\"fr-FR\"}]}<\/script>\n<!-- \/ Yoast SEO plugin. -->","yoast_head_json":{"title":"Glace romaine chez Gelateria Mario - VIA VIA","robots":{"index":"index","follow":"follow","max-snippet":"max-snippet:-1","max-image-preview":"max-image-preview:large","max-video-preview":"max-video-preview:-1"},"canonical":"https:\/\/via-via.eu\/fr\/produit\/romeins-ijs-bij-gelateria-mario\/","og_locale":"fr_FR","og_type":"article","og_title":"Glace romaine chez Gelateria Mario - VIA VIA","og_url":"https:\/\/via-via.eu\/fr\/produit\/romeins-ijs-bij-gelateria-mario\/","og_site_name":"VIA VIA","article_modified_time":"2026-05-07T09:49:35+00:00","schema":{"@context":"https:\/\/schema.org","@graph":[{"@type":"WebPage","@id":"https:\/\/via-via.eu\/fr\/produit\/romeins-ijs-bij-gelateria-mario\/","url":"https:\/\/via-via.eu\/fr\/produit\/romeins-ijs-bij-gelateria-mario\/","name":"Glace romaine chez Gelateria Mario - VIA VIA","isPartOf":{"@id":"https:\/\/via-via.eu\/fr\/#website"},"datePublished":"2026-05-07T05:58:39+00:00","dateModified":"2026-05-07T09:49:35+00:00","breadcrumb":{"@id":"https:\/\/via-via.eu\/fr\/produit\/romeins-ijs-bij-gelateria-mario\/#breadcrumb"},"inLanguage":"fr-FR","potentialAction":[{"@type":"ReadAction","target":["https:\/\/via-via.eu\/fr\/produit\/romeins-ijs-bij-gelateria-mario\/"]}]},{"@type":"BreadcrumbList","@id":"https:\/\/via-via.eu\/fr\/produit\/romeins-ijs-bij-gelateria-mario\/#breadcrumb","itemListElement":[{"@type":"ListItem","position":1,"name":"Home","item":"https:\/\/via-via.eu\/fr\/"},{"@type":"ListItem","position":2,"name":"Glace romaine chez Gelateria Mario"}]},{"@type":"WebSite","@id":"https:\/\/via-via.eu\/fr\/#website","url":"https:\/\/via-via.eu\/fr\/","name":"VIA VIA","description":"Moves you","potentialAction":[{"@type":"SearchAction","target":{"@type":"EntryPoint","urlTemplate":"https:\/\/via-via.eu\/fr\/?s={search_term_string}"},"query-input":{"@type":"PropertyValueSpecification","valueRequired":true,"valueName":"search_term_string"}}],"inLanguage":"fr-FR"}]}},"_links":{"self":[{"href":"https:\/\/via-via.eu\/fr\/wp-json\/wp\/v2\/product\/16010","targetHints":{"allow":["GET"]}}],"collection":[{"href":"https:\/\/via-via.eu\/fr\/wp-json\/wp\/v2\/product"}],"about":[{"href":"https:\/\/via-via.eu\/fr\/wp-json\/wp\/v2\/types\/product"}],"wp:attachment":[{"href":"https:\/\/via-via.eu\/fr\/wp-json\/wp\/v2\/media?parent=16010"}],"curies":[{"name":"wp","href":"https:\/\/api.w.org\/{rel}","templated":true}]}}