{"id":15076,"date":"2025-09-26T15:01:04","date_gmt":"2025-09-26T13:01:04","guid":{"rendered":"https:\/\/dev.studiozeven.com\/viavia\/about-us\/"},"modified":"2026-03-29T13:28:42","modified_gmt":"2026-03-29T11:28:42","slug":"a-propos-de-nous","status":"publish","type":"page","link":"https:\/\/via-via.eu\/fr\/a-propos-de-nous\/","title":{"rendered":"\u00c0 propos de nous"},"content":{"rendered":"","protected":false},"excerpt":{"rendered":"","protected":false},"author":1,"featured_media":0,"parent":0,"menu_order":0,"comment_status":"closed","ping_status":"closed","template":"page-over-ons.php","meta":{"_acf_changed":false,"inline_featured_image":false,"footnotes":""},"class_list":["post-15076","page","type-page","status-publish","hentry"],"acf":{"afb1":14898,"hoofdtitel":"D\u00e9couvrez le pass\u00e9 romain dans l\u2019Eur\u00e9gion Meuse-Rhin avec VIA VIA","introtekst7":"<h3>\u00ab Ce qui suit est toujours li\u00e9 \u00e0 ce qui a pr\u00e9c\u00e9d\u00e9. \u00bb<\/h3>\r\nCes paroles sages viennent du c\u00e9l\u00e8bre empereur romain Marc Aur\u00e8le \u2013 et il avait raison. Prenez la voie romaine, par exemple. Il y a pr\u00e8s de 2 000 ans, elle rassemblait les peuples de l\u2019Eur\u00e9gion Meuse-Rhin : Romains, Germains et communaut\u00e9s gauloises. Et \u00e0 partir de 2027, elle le fera \u00e0 nouveau gr\u00e2ce au projet interr\u00e9gional VIA VIA.\r\n\r\n&nbsp;\r\n<h3>Une exp\u00e9rience romaine transfrontali\u00e8re<\/h3>\r\nVIA VIA r\u00e9unit 13 partenaires dans toute l\u2019Eur\u00e9gion, collaborant pour redonner vie au pass\u00e9 romain de la r\u00e9gion. Leur coop\u00e9ration cr\u00e9era un nouvel itin\u00e9raire transfrontalier pour les randonneurs et les cyclistes, guidant les visiteurs \u00e0 travers la Belgique, les Pays-Bas et l\u2019Allemagne. En reliant le Via Erlebnisraum R\u00f6merstra\u00dfe, la Via Belgica et le Fruitspoor, ce parcours tisse les anciens chemins romains en un voyage nouveau et homog\u00e8ne.\r\n\r\nLe long de l\u2019itin\u00e9raire VIA VIA, vous pourrez explorer neuf hotspots immersifs \u2013 chacun offrant une fen\u00eatre unique sur l\u2019\u00e9poque fascinante de l\u2019Empire romain. Gr\u00e2ce \u00e0 des exp\u00e9riences immersives \u2013 itin\u00e9raires th\u00e9matiques, personnages en 3D, salles immersives, expositions interactives, \u00e9l\u00e9ments paysagers et fragments audio \u2013 ces hotspots invitent \u00e0 red\u00e9couvrir l\u2019histoire romaine que nous partageons.\r\n\r\n&nbsp;\r\n<h3>Les hotspots VIA VIA :<\/h3>\r\n<ol>\r\n \t<li>Tienen \u2013 une promenade interactive le long de sites romains.<\/li>\r\n \t<li>Tongres \u2013 une promenade interactive le long de sites romains.<\/li>\r\n \t<li>Mus\u00e9e Gallo-Romain de Tongres \u2013 une salle immersive.<\/li>\r\n \t<li>Maastricht \u2013 expositions interactives au Maastricht Museum et \u00e0 l\u2019Hotel Derlon.<\/li>\r\n \t<li>Voerendaal \u2013 \u00e9l\u00e9ment paysager interactif \u00e0 la Villa Voerendaal.<\/li>\r\n \t<li>Le Mus\u00e9e Romain Heerlen \u2013 une salle immersive.<\/li>\r\n \t<li>Simpelveld \u2013 un parc paysager romain transfrontalier.<\/li>\r\n \t<li>Aix-la-Chapelle \u2013 une promenade urbaine romaine.<\/li>\r\n \t<li>J\u00fclich \u2013 exposition interactive au Mus\u00e9e de la Citadelle de J\u00fclich<\/li>\r\n<\/ol>\r\n&nbsp;\r\n<h3>Marchez, explorez et plongez-vous dans l\u2019histoire<\/h3>\r\nSur le chemin des diff\u00e9rents hotspots, vous traverserez de magnifiques paysages vallonn\u00e9s, des villes dynamiques et d\u2019impressionnants sites arch\u00e9ologiques. Parcourez l\u2019itin\u00e9raire entier en une seule randonn\u00e9e ou une seule \u00e9tape \u00e0 v\u00e9lo, ou prenez le temps de l\u2019explorer \u00e0 votre rythme. Tienen, Tongres, Maastricht, Heerlen, Voerendaal, Simpelveld, Aix-la-Chapelle et J\u00fclich sont des points de d\u00e9part et d\u2019arr\u00eat parfaits, chacun avec sa propre histoire romaine captivante. C\u2019est \u00e0 vous de d\u00e9cider comment fa\u00e7onner votre voyage romain.\r\n\r\nVous \u00eates impatient ? D\u00e9couvrez d\u00e8s maintenant les nombreuses attractions romaines sur notre carte interactive !\r\n\r\n&nbsp;\r\n<h3>Une histoire pour vous guider<\/h3>\r\nFaites connaissance avec vos guides sur l\u2019itin\u00e9raire VIA VIA : la famille de marchands romains de Quintus Iulius Viator. Vivant au II\u1d49 si\u00e8cle de notre \u00e8re dans l\u2019Eur\u00e9gion Meuse-Rhine, alors florissante, la famille parcourait la r\u00e9gion pour commercer et visitait ses villes les plus importantes. Leur carnet de voyage relate les histoires, impressions et rencontres de leurs d\u00e9placements.\r\n\r\nGr\u00e2ce \u00e0 l\u2019IA, la famille de marchands sera ramen\u00e9e \u00e0 la vie de mani\u00e8re saisissante. Elle partagera ses exp\u00e9riences v\u00e9cues \u00e0 chaque hotspot VIA VIA, vous permettant d\u2019explorer la r\u00e9gion \u00e0 travers ses yeux.\r\n\r\nSuivez les traces de leur chariot et plongez dans le monde vibrant du pass\u00e9 romain.\r\n\r\n&nbsp;\r\n<h3>Rencontrez les personnages :<\/h3>\r\n<h4>Emma Meyers<\/h4>\r\nLorsque l\u2019arch\u00e9ologue contemporaine Emma Meyers h\u00e9rite d\u2019un coffre ayant appartenu \u00e0 son arri\u00e8re-arri\u00e8re-grand-p\u00e8re \u2013 un arch\u00e9ologue amateur de la fin du XIX\u1d49 si\u00e8cle \u2013 elle y d\u00e9couvre une tablette d\u2019\u00e9criture en bois. En examinant les traces grav\u00e9es, elle met au jour un carnet de voyage unique d\u2019une famille de marchands du II\u1d49 si\u00e8cle apr. J.-C. De nombreux fragments ont \u00e9t\u00e9 conserv\u00e9s. Intrigu\u00e9e, elle se consacre \u00e0 la reconstitution de l\u2019histoire. Pour combler certaines lacunes, elle suit les traces de Quintus Iulius Viator et de sa famille. Elle visite les lieux mentionn\u00e9s dans le carnet de voyage et arrive dans les villes actuelles de Tienen, Tongres, Maastricht, Heerlen, Voerendaal, Simpelveld, Aix-la-Chapelle et J\u00fclich. Gr\u00e2ce aux technologies contemporaines et aux m\u00e9thodes arch\u00e9ologiques les plus r\u00e9centes, elle v\u00e9rifie le contenu. Le r\u00e9sultat : une \u0153uvre compl\u00e8te dont l\u2019\u00e9pine dorsale est le carnet de voyage vieux de plusieurs si\u00e8cles.\r\n\r\n&nbsp;\r\n<h3>Le p\u00e8re : Quintus Iulius Viator<\/h3>\r\nQuintus Iulius est un r\u00eaveur impulsif. Il se lance sans cesse dans des entreprises commerciales ayant peu de chances de r\u00e9ussir. Son ambition ? Trouver la perle rare et gagner assez pour assurer un avenir dor\u00e9 \u00e0 sa famille \u2014 et peut-\u00eatre entrer d\u2019un seul coup dans les familles patriciennes. Ses missions commerciales conduisent la famille dans de nombreux lieux de l\u2019Eur\u00e9gion Meuse\u2013Rhine : Iuliacum (J\u00fclich), Aquae Granni (Aix-la-Chapelle), Traiectum ad Mosam (Maastricht), Coriovallum (Heerlen), ainsi que le paysage de villas autour de Simpelveld et Voerendaal, Atuatuca Tungrorum (Tongres) et Aeria (Tienen). Dans son sillage, nous d\u00e9couvrons comment les gens pensaient et vivaient \u2013 et \u00e0 quel point cela refl\u00e8te notre vie actuelle.\r\n\r\nComme l\u2019\u00e9crit son fils Marcus Iulius Viator dans le carnet de voyage :\r\n\u00ab Les gens recherchent toujours des histoires porteuses d\u2019espoir. Des histoires de gu\u00e9rison, d\u2019amour, de protection et d\u2019un au-del\u00e0 s\u00fbr. Mon p\u00e8re l\u2019avait compris mieux que personne et portait son regard de marchand sur des objets uniques, chacun racontant une histoire puissante. \u00bb\r\n\r\n&nbsp;\r\n<h3>La m\u00e8re : Ammulva Iucunda<\/h3>\r\nAmmulva Iucunda a des anc\u00eatres germaniques ayant autrefois occup\u00e9 des positions importantes au sein des tribus locales. Apr\u00e8s l\u2019arriv\u00e9e des Romains, sa famille acquiert un terrain et y construit un complexe de villas. Ammulva laisse tout cela derri\u00e8re elle lorsqu\u2019elle suit son c\u0153ur et \u00e9pouse Quintus Iulius. Son mari fait tout pour lui rendre le luxe et le confort qu\u2019elle a \u00ab perdus \u00e0 cause de lui \u00bb.\r\n\r\nAmmulva est curieuse, aventuri\u00e8re et dot\u00e9e d\u2019un esprit vif et ouvert, souvent en d\u00e9calage avec les m\u0153urs de son \u00e9poque. Elle se r\u00e9jouit de chaque nouvelle mission commerciale, de chaque nouveau voyage en chariot le long de la voie romaine, de chaque nouvelle ville et de chaque nouveau lieu visit\u00e9. C\u2019est ainsi qu\u2019elle absorbe la culture sous toutes ses facettes et transmet sa nouvelle sagesse \u00e0 ses enfants. Ammulva remet en question les \u00ab v\u00e9rit\u00e9s \u00bb commun\u00e9ment admises et interroge tout en permanence. Elle consigne ses impressions de voyage sous forme de croquis \u2013 en secret, car au II\u1d49 si\u00e8cle, il est consid\u00e9r\u00e9 comme inconvenant pour une femme de dessiner.\r\n\r\n&nbsp;\r\n<h3>Les enfants : Marcus Iulius Viator et Julia Ammulva<\/h3>\r\nMarcus Iulius a 13 ans. Il adore les histoires du pass\u00e9, d\u00e9terrer des objets et r\u00e9soudre des myst\u00e8res avec passion. Il est admirateur de l\u2019empereur-philosophe Marc Aur\u00e8le et le cite \u00e0 la moindre occasion : \u00ab Ce qui suit est toujours li\u00e9 \u00e0 ce qui a pr\u00e9c\u00e9d\u00e9. \u00bb Son admiration pour la culture romaine est immense, ce qui cr\u00e9e parfois des tensions avec ses parents, qui per\u00e7oivent aussi les aspects n\u00e9gatifs de la domination romaine. Marcus est l\u2019auteur principal du carnet de voyage, interpr\u00e9tant les \u00e9v\u00e9nements selon la vision de son \u00e9poque.\r\n\r\nJulia Ammulva voit le monde avec le regard imaginatif et sans d\u00e9fense d\u2019une fillette de 9 ans. Elle adore le domaine des dieux, leurs rites et leurs histoires. Elle r\u00eave de l\u2019avenir et a m\u00eame une amie imaginaire : sa chienne d\u00e9funte Lupula. Julia r\u00eave de devenir voyante. Ses r\u00eaves sont tr\u00e8s vifs et elle en parle sans arr\u00eat. Sa m\u00e8re la ram\u00e8ne constamment \u00e0 la r\u00e9alit\u00e9. L\u2019ironie dramatique veut que ses r\u00eaves lui offrent r\u00e9ellement des aper\u00e7us de l\u2019avenir, cr\u00e9ant un pont entre le II\u1d49 et le XXI\u1d49 si\u00e8cle.","builder":[{"acf_fc_layout":"tekstblok","tekst1":"","button_group2":null,"achtergrondkleur":"wit"}]},"yoast_head":"<!-- This site is optimized with the Yoast SEO plugin v27.6 - https:\/\/yoast.com\/product\/yoast-seo-wordpress\/ -->\n<title>\u00c0 propos de nous - VIA VIA<\/title>\n<meta name=\"robots\" content=\"index, follow, max-snippet:-1, max-image-preview:large, max-video-preview:-1\" \/>\n<link rel=\"canonical\" href=\"https:\/\/via-via.eu\/fr\/a-propos-de-nous\/\" \/>\n<meta property=\"og:locale\" content=\"fr_FR\" \/>\n<meta property=\"og:type\" content=\"article\" \/>\n<meta property=\"og:title\" content=\"\u00c0 propos de nous - VIA VIA\" \/>\n<meta property=\"og:url\" content=\"https:\/\/via-via.eu\/fr\/a-propos-de-nous\/\" \/>\n<meta property=\"og:site_name\" content=\"VIA VIA\" \/>\n<meta property=\"article:modified_time\" content=\"2026-03-29T11:28:42+00:00\" \/>\n<script type=\"application\/ld+json\" class=\"yoast-schema-graph\">{\"@context\":\"https:\\\/\\\/schema.org\",\"@graph\":[{\"@type\":\"WebPage\",\"@id\":\"https:\\\/\\\/via-via.eu\\\/fr\\\/a-propos-de-nous\\\/\",\"url\":\"https:\\\/\\\/via-via.eu\\\/fr\\\/a-propos-de-nous\\\/\",\"name\":\"\u00c0 propos de nous - VIA VIA\",\"isPartOf\":{\"@id\":\"https:\\\/\\\/via-via.eu\\\/fr\\\/#website\"},\"datePublished\":\"2025-09-26T13:01:04+00:00\",\"dateModified\":\"2026-03-29T11:28:42+00:00\",\"breadcrumb\":{\"@id\":\"https:\\\/\\\/via-via.eu\\\/fr\\\/a-propos-de-nous\\\/#breadcrumb\"},\"inLanguage\":\"fr-FR\",\"potentialAction\":[{\"@type\":\"ReadAction\",\"target\":[\"https:\\\/\\\/via-via.eu\\\/fr\\\/a-propos-de-nous\\\/\"]}]},{\"@type\":\"BreadcrumbList\",\"@id\":\"https:\\\/\\\/via-via.eu\\\/fr\\\/a-propos-de-nous\\\/#breadcrumb\",\"itemListElement\":[{\"@type\":\"ListItem\",\"position\":1,\"name\":\"Home\",\"item\":\"https:\\\/\\\/via-via.eu\\\/fr\\\/\"},{\"@type\":\"ListItem\",\"position\":2,\"name\":\"\u00c0 propos de nous\"}]},{\"@type\":\"WebSite\",\"@id\":\"https:\\\/\\\/via-via.eu\\\/fr\\\/#website\",\"url\":\"https:\\\/\\\/via-via.eu\\\/fr\\\/\",\"name\":\"VIA VIA\",\"description\":\"Moves you\",\"potentialAction\":[{\"@type\":\"SearchAction\",\"target\":{\"@type\":\"EntryPoint\",\"urlTemplate\":\"https:\\\/\\\/via-via.eu\\\/fr\\\/?s={search_term_string}\"},\"query-input\":{\"@type\":\"PropertyValueSpecification\",\"valueRequired\":true,\"valueName\":\"search_term_string\"}}],\"inLanguage\":\"fr-FR\"}]}<\/script>\n<!-- \/ Yoast SEO plugin. -->","yoast_head_json":{"title":"\u00c0 propos de nous - VIA VIA","robots":{"index":"index","follow":"follow","max-snippet":"max-snippet:-1","max-image-preview":"max-image-preview:large","max-video-preview":"max-video-preview:-1"},"canonical":"https:\/\/via-via.eu\/fr\/a-propos-de-nous\/","og_locale":"fr_FR","og_type":"article","og_title":"\u00c0 propos de nous - VIA VIA","og_url":"https:\/\/via-via.eu\/fr\/a-propos-de-nous\/","og_site_name":"VIA VIA","article_modified_time":"2026-03-29T11:28:42+00:00","schema":{"@context":"https:\/\/schema.org","@graph":[{"@type":"WebPage","@id":"https:\/\/via-via.eu\/fr\/a-propos-de-nous\/","url":"https:\/\/via-via.eu\/fr\/a-propos-de-nous\/","name":"\u00c0 propos de nous - VIA VIA","isPartOf":{"@id":"https:\/\/via-via.eu\/fr\/#website"},"datePublished":"2025-09-26T13:01:04+00:00","dateModified":"2026-03-29T11:28:42+00:00","breadcrumb":{"@id":"https:\/\/via-via.eu\/fr\/a-propos-de-nous\/#breadcrumb"},"inLanguage":"fr-FR","potentialAction":[{"@type":"ReadAction","target":["https:\/\/via-via.eu\/fr\/a-propos-de-nous\/"]}]},{"@type":"BreadcrumbList","@id":"https:\/\/via-via.eu\/fr\/a-propos-de-nous\/#breadcrumb","itemListElement":[{"@type":"ListItem","position":1,"name":"Home","item":"https:\/\/via-via.eu\/fr\/"},{"@type":"ListItem","position":2,"name":"\u00c0 propos de nous"}]},{"@type":"WebSite","@id":"https:\/\/via-via.eu\/fr\/#website","url":"https:\/\/via-via.eu\/fr\/","name":"VIA VIA","description":"Moves you","potentialAction":[{"@type":"SearchAction","target":{"@type":"EntryPoint","urlTemplate":"https:\/\/via-via.eu\/fr\/?s={search_term_string}"},"query-input":{"@type":"PropertyValueSpecification","valueRequired":true,"valueName":"search_term_string"}}],"inLanguage":"fr-FR"}]}},"_links":{"self":[{"href":"https:\/\/via-via.eu\/fr\/wp-json\/wp\/v2\/pages\/15076","targetHints":{"allow":["GET"]}}],"collection":[{"href":"https:\/\/via-via.eu\/fr\/wp-json\/wp\/v2\/pages"}],"about":[{"href":"https:\/\/via-via.eu\/fr\/wp-json\/wp\/v2\/types\/page"}],"author":[{"embeddable":true,"href":"https:\/\/via-via.eu\/fr\/wp-json\/wp\/v2\/users\/1"}],"replies":[{"embeddable":true,"href":"https:\/\/via-via.eu\/fr\/wp-json\/wp\/v2\/comments?post=15076"}],"version-history":[{"count":11,"href":"https:\/\/via-via.eu\/fr\/wp-json\/wp\/v2\/pages\/15076\/revisions"}],"predecessor-version":[{"id":15516,"href":"https:\/\/via-via.eu\/fr\/wp-json\/wp\/v2\/pages\/15076\/revisions\/15516"}],"wp:attachment":[{"href":"https:\/\/via-via.eu\/fr\/wp-json\/wp\/v2\/media?parent=15076"}],"curies":[{"name":"wp","href":"https:\/\/api.w.org\/{rel}","templated":true}]}}