{"id":15067,"date":"2025-09-26T15:02:10","date_gmt":"2025-09-26T13:02:10","guid":{"rendered":"https:\/\/dev.studiozeven.com\/viavia\/romeinse-producten\/"},"modified":"2026-01-20T23:01:04","modified_gmt":"2026-01-20T21:01:04","slug":"romeinse-producten","status":"publish","type":"page","link":"https:\/\/via-via.eu\/fr\/romeinse-producten\/","title":{"rendered":"Produits Romains"},"content":{"rendered":"","protected":false},"excerpt":{"rendered":"","protected":false},"author":1,"featured_media":0,"parent":0,"menu_order":0,"comment_status":"closed","ping_status":"closed","template":"page-romeinse-producten.php","meta":{"_acf_changed":false,"inline_featured_image":false,"footnotes":""},"class_list":["post-15067","page","type-page","status-publish","hentry"],"acf":{"afb1":15425,"hoofdtitel":"Produits Romains","introtekst7":"<p data-start=\"1668\" data-end=\"2045\">VIA VIA vous emm\u00e8ne \u00e0 travers de nombreux sites romains, ainsi que chez des entrepreneurs enthousiastes qui s\u2019inspirent du pass\u00e9 romain. Avec les connaissances d\u2019autrefois et celles d\u2019aujourd\u2019hui, ils cr\u00e9ent les produits les plus originaux \u2014 des produits dont vous pouvez, vous aussi, profiter. D\u00e9couvrez ci-dessous nos entrepreneurs et leurs cr\u00e9ations.<\/p>\r\n<p data-start=\"3219\" data-end=\"3288\"><\/p>","builder":[{"acf_fc_layout":"tekstblok","tekst1":"<h2>Vous \u00eates vous-m\u00eame entrepreneur et vous souhaitez devenir entrepreneur VIA VIA ?<\/h2>\r\n<p data-start=\"2047\" data-end=\"2261\">\u00a0N\u2019h\u00e9sitez pas \u00e0 nous contacter via <a rel=\"noopener\" data-start=\"2166\" data-end=\"2180\">info@viavia.eu<\/a>. Nous vous aiderons \u00e0 d\u00e9velopper votre produit unique inspir\u00e9 du monde romain.<\/p>\r\n\r\n<h3 data-start=\"2263\" data-end=\"2326\">Qu\u2019attendons-nous de vous en tant qu\u2019entrepreneur VIA VIA ?<\/h3>\r\n<ul data-start=\"2328\" data-end=\"2479\">\r\n \t<li data-start=\"2328\" data-end=\"2417\">\r\n<p data-start=\"2330\" data-end=\"2417\">Vous d\u00e9veloppez un produit inspir\u00e9 du pass\u00e9 romain et vous le proposez \u00e0 vos clients.<\/p>\r\n<\/li>\r\n \t<li data-start=\"2418\" data-end=\"2479\">\r\n<p data-start=\"2420\" data-end=\"2479\">Vous nous informez en cas de modification dans votre offre.<\/p>\r\n<\/li>\r\n<\/ul>\r\n<h3 data-start=\"2481\" data-end=\"2547\">Qu\u2019offrons-nous gratuitement en tant qu\u2019entrepreneur VIA VIA ?<\/h3>\r\n<ul data-start=\"2549\" data-end=\"3217\">\r\n \t<li data-start=\"2549\" data-end=\"2638\">\r\n<p data-start=\"2551\" data-end=\"2638\">Vous pouvez participer chaque ann\u00e9e aux sessions d\u2019inspiration \u00ab Amis de VIA VIA \u00bb.<\/p>\r\n<\/li>\r\n \t<li data-start=\"2639\" data-end=\"2870\">\r\n<p data-start=\"2641\" data-end=\"2870\">Vous serez mis en contact avec les sp\u00e9cialistes n\u00e9cessaires pour d\u00e9velopper votre produit. Par exemple, si vous souhaitez souffler du verre, nous vous mettrons en relation avec un sp\u00e9cialiste du verre romain pour vous inspirer.<\/p>\r\n<\/li>\r\n \t<li data-start=\"2871\" data-end=\"2926\">\r\n<p data-start=\"2873\" data-end=\"2926\">Nous r\u00e9alisons une interview et un reportage photo.<\/p>\r\n<\/li>\r\n \t<li data-start=\"2927\" data-end=\"3066\">\r\n<p data-start=\"2929\" data-end=\"3066\">Nous mettons en avant votre entreprise et vos produits sur notre site web, nos r\u00e9seaux sociaux et dans d\u2019autres supports promotionnels.<\/p>\r\n<\/li>\r\n \t<li data-start=\"3067\" data-end=\"3217\">\r\n<p data-start=\"3069\" data-end=\"3217\">Des \u00e9v\u00e9nements sont r\u00e9guli\u00e8rement organis\u00e9s, et vous aurez la possibilit\u00e9 \u2014 sans obligation \u2014 de pr\u00e9senter votre\/vos produit(s) et votre entreprise.<\/p>\r\n<\/li>\r\n<\/ul>","button_group2":[{"button_tekst2":"inscrivez-vous maintenant","button_link2":{"title":"","url":"mailto:info@via-via.eu?subject=Participeren%20onderneming","target":"_blank"}}],"achtergrondkleur":"bordeaux"}]},"yoast_head":"<!-- This site is optimized with the Yoast SEO plugin v27.6 - https:\/\/yoast.com\/product\/yoast-seo-wordpress\/ -->\n<title>Produits Romains - VIA VIA<\/title>\n<meta name=\"robots\" content=\"index, follow, max-snippet:-1, max-image-preview:large, max-video-preview:-1\" \/>\n<link rel=\"canonical\" href=\"https:\/\/via-via.eu\/fr\/romeinse-producten\/\" \/>\n<meta property=\"og:locale\" content=\"fr_FR\" \/>\n<meta property=\"og:type\" content=\"article\" \/>\n<meta property=\"og:title\" content=\"Produits Romains - VIA VIA\" \/>\n<meta property=\"og:url\" content=\"https:\/\/via-via.eu\/fr\/romeinse-producten\/\" \/>\n<meta property=\"og:site_name\" content=\"VIA VIA\" \/>\n<meta property=\"article:modified_time\" content=\"2026-01-20T21:01:04+00:00\" \/>\n<script type=\"application\/ld+json\" class=\"yoast-schema-graph\">{\"@context\":\"https:\\\/\\\/schema.org\",\"@graph\":[{\"@type\":\"WebPage\",\"@id\":\"https:\\\/\\\/via-via.eu\\\/fr\\\/romeinse-producten\\\/\",\"url\":\"https:\\\/\\\/via-via.eu\\\/fr\\\/romeinse-producten\\\/\",\"name\":\"Produits Romains - VIA VIA\",\"isPartOf\":{\"@id\":\"https:\\\/\\\/via-via.eu\\\/fr\\\/#website\"},\"datePublished\":\"2025-09-26T13:02:10+00:00\",\"dateModified\":\"2026-01-20T21:01:04+00:00\",\"breadcrumb\":{\"@id\":\"https:\\\/\\\/via-via.eu\\\/fr\\\/romeinse-producten\\\/#breadcrumb\"},\"inLanguage\":\"fr-FR\",\"potentialAction\":[{\"@type\":\"ReadAction\",\"target\":[\"https:\\\/\\\/via-via.eu\\\/fr\\\/romeinse-producten\\\/\"]}]},{\"@type\":\"BreadcrumbList\",\"@id\":\"https:\\\/\\\/via-via.eu\\\/fr\\\/romeinse-producten\\\/#breadcrumb\",\"itemListElement\":[{\"@type\":\"ListItem\",\"position\":1,\"name\":\"Home\",\"item\":\"https:\\\/\\\/via-via.eu\\\/fr\\\/\"},{\"@type\":\"ListItem\",\"position\":2,\"name\":\"Produits Romains\"}]},{\"@type\":\"WebSite\",\"@id\":\"https:\\\/\\\/via-via.eu\\\/fr\\\/#website\",\"url\":\"https:\\\/\\\/via-via.eu\\\/fr\\\/\",\"name\":\"VIA VIA\",\"description\":\"Moves you\",\"potentialAction\":[{\"@type\":\"SearchAction\",\"target\":{\"@type\":\"EntryPoint\",\"urlTemplate\":\"https:\\\/\\\/via-via.eu\\\/fr\\\/?s={search_term_string}\"},\"query-input\":{\"@type\":\"PropertyValueSpecification\",\"valueRequired\":true,\"valueName\":\"search_term_string\"}}],\"inLanguage\":\"fr-FR\"}]}<\/script>\n<!-- \/ Yoast SEO plugin. -->","yoast_head_json":{"title":"Produits Romains - VIA VIA","robots":{"index":"index","follow":"follow","max-snippet":"max-snippet:-1","max-image-preview":"max-image-preview:large","max-video-preview":"max-video-preview:-1"},"canonical":"https:\/\/via-via.eu\/fr\/romeinse-producten\/","og_locale":"fr_FR","og_type":"article","og_title":"Produits Romains - VIA VIA","og_url":"https:\/\/via-via.eu\/fr\/romeinse-producten\/","og_site_name":"VIA VIA","article_modified_time":"2026-01-20T21:01:04+00:00","schema":{"@context":"https:\/\/schema.org","@graph":[{"@type":"WebPage","@id":"https:\/\/via-via.eu\/fr\/romeinse-producten\/","url":"https:\/\/via-via.eu\/fr\/romeinse-producten\/","name":"Produits Romains - VIA VIA","isPartOf":{"@id":"https:\/\/via-via.eu\/fr\/#website"},"datePublished":"2025-09-26T13:02:10+00:00","dateModified":"2026-01-20T21:01:04+00:00","breadcrumb":{"@id":"https:\/\/via-via.eu\/fr\/romeinse-producten\/#breadcrumb"},"inLanguage":"fr-FR","potentialAction":[{"@type":"ReadAction","target":["https:\/\/via-via.eu\/fr\/romeinse-producten\/"]}]},{"@type":"BreadcrumbList","@id":"https:\/\/via-via.eu\/fr\/romeinse-producten\/#breadcrumb","itemListElement":[{"@type":"ListItem","position":1,"name":"Home","item":"https:\/\/via-via.eu\/fr\/"},{"@type":"ListItem","position":2,"name":"Produits Romains"}]},{"@type":"WebSite","@id":"https:\/\/via-via.eu\/fr\/#website","url":"https:\/\/via-via.eu\/fr\/","name":"VIA VIA","description":"Moves you","potentialAction":[{"@type":"SearchAction","target":{"@type":"EntryPoint","urlTemplate":"https:\/\/via-via.eu\/fr\/?s={search_term_string}"},"query-input":{"@type":"PropertyValueSpecification","valueRequired":true,"valueName":"search_term_string"}}],"inLanguage":"fr-FR"}]}},"_links":{"self":[{"href":"https:\/\/via-via.eu\/fr\/wp-json\/wp\/v2\/pages\/15067","targetHints":{"allow":["GET"]}}],"collection":[{"href":"https:\/\/via-via.eu\/fr\/wp-json\/wp\/v2\/pages"}],"about":[{"href":"https:\/\/via-via.eu\/fr\/wp-json\/wp\/v2\/types\/page"}],"author":[{"embeddable":true,"href":"https:\/\/via-via.eu\/fr\/wp-json\/wp\/v2\/users\/1"}],"replies":[{"embeddable":true,"href":"https:\/\/via-via.eu\/fr\/wp-json\/wp\/v2\/comments?post=15067"}],"version-history":[{"count":8,"href":"https:\/\/via-via.eu\/fr\/wp-json\/wp\/v2\/pages\/15067\/revisions"}],"predecessor-version":[{"id":15429,"href":"https:\/\/via-via.eu\/fr\/wp-json\/wp\/v2\/pages\/15067\/revisions\/15429"}],"wp:attachment":[{"href":"https:\/\/via-via.eu\/fr\/wp-json\/wp\/v2\/media?parent=15067"}],"curies":[{"name":"wp","href":"https:\/\/api.w.org\/{rel}","templated":true}]}}