{"id":14959,"date":"2018-01-14T10:51:36","date_gmt":"2018-01-14T08:51:36","guid":{"rendered":"https:\/\/dev.studiozeven.com\/viavia\/14954-2\/"},"modified":"2026-05-12T17:35:39","modified_gmt":"2026-05-12T15:35:39","slug":"14954-2","status":"publish","type":"page","link":"https:\/\/via-via.eu\/fr\/","title":{"rendered":"Home"},"content":{"rendered":"","protected":false},"excerpt":{"rendered":"","protected":false},"author":1,"featured_media":0,"parent":0,"menu_order":0,"comment_status":"closed","ping_status":"closed","template":"page-home.php","meta":{"_acf_changed":false,"inline_featured_image":false,"footnotes":""},"class_list":["post-14959","page","type-page","status-publish","hentry"],"acf":{"builder":[{"acf_fc_layout":"home_intro","afbeelding_desktop1":14820,"afbeelding_mobiel1":14824,"hooftitel":"VIA VIA \r\nmoves you","subtitel":"Ton voyage romain commence ici.","button_group":[{"button_tekst1":"Via Belgica","button_link1":{"title":"","url":"https:\/\/www.viabelgica.nl\/fr\/","target":"_blank"}},{"button_tekst1":"Erlebnisraum R\u00f6merstrasse","button_link1":{"title":"","url":"https:\/\/www.erlebnisraum-roemerstrasse.eu\/","target":"_blank"}}]},{"acf_fc_layout":"home_intro_tekst_beeld","tekst3":"<h2>D\u00e9couvrez le pass\u00e9 romain dans l\u2019Eur\u00e9gion Meuse-Rhin avec VIA VIA<\/h2>\r\n\u00ab Ce qui suit est toujours li\u00e9 \u00e0 ce qui a pr\u00e9c\u00e9d\u00e9. \u00bb\r\n\r\nIl y a pr\u00e8s de 2 000 ans, la voie romaine rassemblait les populations de l\u2019Eur\u00e9gion Meuse-Rhin \u2014 Romains, tribus germaniques et communaut\u00e9s gauloises. \u00c0 partir de 2027, elle le fera \u00e0 nouveau gr\u00e2ce \u00e0 VIA VIA, un parcours immersif transfrontalier reliant la Belgique, les Pays-Bas et l\u2019Allemagne.\r\n\r\nD\u00e9velopp\u00e9 par 13 partenaires, VIA VIA relie les anciens chemins romains en un voyage fluide pour les randonneurs et les cyclistes, comprenant neuf hotspots immersifs. Des itin\u00e9raires th\u00e9matiques et personnages en 3D aux expositions interactives et fragments audio, ces hotspots donnent vie au pass\u00e9 romain de la r\u00e9gion Meuse-Rhin de mani\u00e8re saisissante.\r\n\r\nGuid\u00e9s par la famille de marchands romains de Quintus Iulius Viator, recr\u00e9\u00e9e gr\u00e2ce \u00e0 l\u2019IA, les visiteurs peuvent suivre leurs d\u00e9placements \u00e0 travers les neuf hotspots et d\u00e9couvrir villes, paysages et sites tels que la famille les a v\u00e9cus elle-m\u00eame.\r\n\r\nCr\u00e9ez votre propre voyage romain \u2014 marchez, p\u00e9dalez et plongez dans l\u2019histoire.","button_group3":[{"button_tekst3":"En savoir plus sur le projet","button_link3":{"title":"Over ons","url":"https:\/\/via-via.eu\/fr\/a-propos-de-nous\/","target":""}}],"foto_of_video":true,"foto":14915,"video":null,"achtergrondkleur3":"bordeaux"},{"acf_fc_layout":"interactieve_kaart"},{"acf_fc_layout":"home_events","uitgelichte_events":[16459,16457,16458]},{"acf_fc_layout":"tekst_foto1","tekst4":"<h2>D\u00e9couvrez les cr\u00e9ations de nos entrepreneurs<\/h2>\r\nVIA VIA vous emm\u00e8ne \u00e0 la d\u00e9couverte de nombreux lieux romains, mais aussi d\u2019entrepreneurs enthousiastes qui s\u2019inspirent du pass\u00e9 romain. En m\u00ealant les savoirs d\u2019autrefois \u00e0 ceux d\u2019aujourd\u2019hui, ils cr\u00e9ent les produits les plus originaux \u2014 des produits dont vous pouvez, vous aussi, profiter.","button_group4":[{"button_tekst4":"Voir tous les produits romains","button_link4":{"title":"Romeinse producten","url":"https:\/\/via-via.eu\/romeinse-producten\/","target":""}}],"foto44":14904,"achtergrondkleur4":"wit","viceversa4":false},{"acf_fc_layout":"tekstblok","tekst1":"<h2>Les fondements scientifiques de VIA VIA<\/h2>\r\nLa recherche scientifique constitue le fondement de VIA VIA et garantit que notre itin\u00e9raire transfrontalier soit \u00e0 la fois captivant et historiquement pr\u00e9cis. En reliant la richesse de nos hotspots aux connaissances les plus r\u00e9centes sur le pass\u00e9 romain de la r\u00e9gion, les visiteurs b\u00e9n\u00e9ficient d\u2019informations claires et fiables tout en s\u2019immergeant pleinement dans l\u2019histoire. Nos partenaires acad\u00e9miques \u2014 l\u2019Universit\u00e9 de Li\u00e8ge et le projet de recherche Constructing the Limes (Universit\u00e9 d\u2019Utrecht) \u2014 nous accompagnent dans cette d\u00e9marche.\r\n\r\nEn 2027, ils enrichiront l\u2019exp\u00e9rience VIA VIA gr\u00e2ce \u00e0 une carte scientifique et \u00e0 un rapport contenant des informations d\u00e9taill\u00e9es sur les d\u00e9couvertes romaines et leur contexte dans la r\u00e9gion Rhin\u2013Meuse. Ils mettront ainsi en lumi\u00e8re l\u2019importance historique des sites situ\u00e9s le long de l\u2019itin\u00e9raire VIA VIA et aideront les visiteurs \u00e0 mieux comprendre le riche patrimoine romain de cette r\u00e9gion frontali\u00e8re.","button_group2":null,"achtergrondkleur":"bordeaux"},{"acf_fc_layout":"partners"},{"acf_fc_layout":"tekst_foto2","tekst5":"<div id=\"downloaddeapp\"><\/div>\r\n<h2>Parcourez nos itin\u00e9raires \u00e0 pied ou \u00e0 v\u00e9lo \u00e0 l\u2019aide de l\u2019application<\/h2>\r\nNotre application vous guide \u00e0 travers le paysage et contient de nombreuses histoires romaines avec des extraits audio, des visualisations 3D, des vid\u00e9os, etc.","button_group5":[{"button_tekst5":"Apple App Store","button_link5":{"title":"","url":"https:\/\/apps.apple.com\/us\/app\/via-via-via-belgica\/id1375249318","target":""}},{"button_tekst5":"Google Play Store","button_link5":{"title":"","url":"https:\/\/play.google.com\/store\/apps\/details?id=nl.betawerk.viabelgica","target":""}}],"foto5":14824,"achtergrondkleur5":"coraal","viceversa5":true}]},"yoast_head":"<!-- This site is optimized with the Yoast SEO plugin v27.6 - https:\/\/yoast.com\/product\/yoast-seo-wordpress\/ -->\n<title>Home - VIA VIA<\/title>\n<meta name=\"robots\" content=\"index, follow, max-snippet:-1, max-image-preview:large, max-video-preview:-1\" \/>\n<link rel=\"canonical\" href=\"https:\/\/via-via.eu\/fr\/\" \/>\n<meta property=\"og:locale\" content=\"fr_FR\" \/>\n<meta property=\"og:type\" content=\"article\" \/>\n<meta property=\"og:title\" content=\"Home - VIA VIA\" \/>\n<meta property=\"og:url\" content=\"https:\/\/via-via.eu\/fr\/\" \/>\n<meta property=\"og:site_name\" content=\"VIA VIA\" \/>\n<meta property=\"article:modified_time\" content=\"2026-05-12T15:35:39+00:00\" \/>\n<script type=\"application\/ld+json\" class=\"yoast-schema-graph\">{\"@context\":\"https:\\\/\\\/schema.org\",\"@graph\":[{\"@type\":\"WebPage\",\"@id\":\"https:\\\/\\\/via-via.eu\\\/fr\\\/\",\"url\":\"https:\\\/\\\/via-via.eu\\\/fr\\\/\",\"name\":\"Home - VIA VIA\",\"isPartOf\":{\"@id\":\"https:\\\/\\\/via-via.eu\\\/fr\\\/#website\"},\"datePublished\":\"2018-01-14T08:51:36+00:00\",\"dateModified\":\"2026-05-12T15:35:39+00:00\",\"breadcrumb\":{\"@id\":\"https:\\\/\\\/via-via.eu\\\/fr\\\/#breadcrumb\"},\"inLanguage\":\"fr-FR\",\"potentialAction\":[{\"@type\":\"ReadAction\",\"target\":[\"https:\\\/\\\/via-via.eu\\\/fr\\\/\"]}]},{\"@type\":\"BreadcrumbList\",\"@id\":\"https:\\\/\\\/via-via.eu\\\/fr\\\/#breadcrumb\",\"itemListElement\":[{\"@type\":\"ListItem\",\"position\":1,\"name\":\"Home\",\"item\":\"https:\\\/\\\/via-via.eu\\\/fr\\\/\"},{\"@type\":\"ListItem\",\"position\":2,\"name\":\"Home\"}]},{\"@type\":\"WebSite\",\"@id\":\"https:\\\/\\\/via-via.eu\\\/fr\\\/#website\",\"url\":\"https:\\\/\\\/via-via.eu\\\/fr\\\/\",\"name\":\"VIA VIA\",\"description\":\"Moves you\",\"potentialAction\":[{\"@type\":\"SearchAction\",\"target\":{\"@type\":\"EntryPoint\",\"urlTemplate\":\"https:\\\/\\\/via-via.eu\\\/fr\\\/?s={search_term_string}\"},\"query-input\":{\"@type\":\"PropertyValueSpecification\",\"valueRequired\":true,\"valueName\":\"search_term_string\"}}],\"inLanguage\":\"fr-FR\"}]}<\/script>\n<!-- \/ Yoast SEO plugin. -->","yoast_head_json":{"title":"Home - VIA VIA","robots":{"index":"index","follow":"follow","max-snippet":"max-snippet:-1","max-image-preview":"max-image-preview:large","max-video-preview":"max-video-preview:-1"},"canonical":"https:\/\/via-via.eu\/fr\/","og_locale":"fr_FR","og_type":"article","og_title":"Home - VIA VIA","og_url":"https:\/\/via-via.eu\/fr\/","og_site_name":"VIA VIA","article_modified_time":"2026-05-12T15:35:39+00:00","schema":{"@context":"https:\/\/schema.org","@graph":[{"@type":"WebPage","@id":"https:\/\/via-via.eu\/fr\/","url":"https:\/\/via-via.eu\/fr\/","name":"Home - VIA VIA","isPartOf":{"@id":"https:\/\/via-via.eu\/fr\/#website"},"datePublished":"2018-01-14T08:51:36+00:00","dateModified":"2026-05-12T15:35:39+00:00","breadcrumb":{"@id":"https:\/\/via-via.eu\/fr\/#breadcrumb"},"inLanguage":"fr-FR","potentialAction":[{"@type":"ReadAction","target":["https:\/\/via-via.eu\/fr\/"]}]},{"@type":"BreadcrumbList","@id":"https:\/\/via-via.eu\/fr\/#breadcrumb","itemListElement":[{"@type":"ListItem","position":1,"name":"Home","item":"https:\/\/via-via.eu\/fr\/"},{"@type":"ListItem","position":2,"name":"Home"}]},{"@type":"WebSite","@id":"https:\/\/via-via.eu\/fr\/#website","url":"https:\/\/via-via.eu\/fr\/","name":"VIA VIA","description":"Moves you","potentialAction":[{"@type":"SearchAction","target":{"@type":"EntryPoint","urlTemplate":"https:\/\/via-via.eu\/fr\/?s={search_term_string}"},"query-input":{"@type":"PropertyValueSpecification","valueRequired":true,"valueName":"search_term_string"}}],"inLanguage":"fr-FR"}]}},"_links":{"self":[{"href":"https:\/\/via-via.eu\/fr\/wp-json\/wp\/v2\/pages\/14959","targetHints":{"allow":["GET"]}}],"collection":[{"href":"https:\/\/via-via.eu\/fr\/wp-json\/wp\/v2\/pages"}],"about":[{"href":"https:\/\/via-via.eu\/fr\/wp-json\/wp\/v2\/types\/page"}],"author":[{"embeddable":true,"href":"https:\/\/via-via.eu\/fr\/wp-json\/wp\/v2\/users\/1"}],"replies":[{"embeddable":true,"href":"https:\/\/via-via.eu\/fr\/wp-json\/wp\/v2\/comments?post=14959"}],"version-history":[{"count":12,"href":"https:\/\/via-via.eu\/fr\/wp-json\/wp\/v2\/pages\/14959\/revisions"}],"predecessor-version":[{"id":16485,"href":"https:\/\/via-via.eu\/fr\/wp-json\/wp\/v2\/pages\/14959\/revisions\/16485"}],"wp:attachment":[{"href":"https:\/\/via-via.eu\/fr\/wp-json\/wp\/v2\/media?parent=14959"}],"curies":[{"name":"wp","href":"https:\/\/api.w.org\/{rel}","templated":true}]}}