{"id":15358,"date":"2025-10-02T13:02:39","date_gmt":"2025-10-02T11:02:39","guid":{"rendered":"https:\/\/via-via.eu\/product\/limburgica-caseus-kaas-uit-parkstad\/"},"modified":"2026-01-20T23:06:04","modified_gmt":"2026-01-20T21:06:04","slug":"limburgica-caseus-kaas-uit-parkstad","status":"publish","type":"product","link":"https:\/\/via-via.eu\/en\/product\/limburgica-caseus-kaas-uit-parkstad\/","title":{"rendered":"Roman delicacies, from cheese to p\u00e2t\u00e9"},"content":{"rendered":"","protected":false},"featured_media":0,"template":"","meta":{"_acf_changed":false,"inline_featured_image":false},"class_list":["post-15358","product","type-product","status-publish","hentry"],"acf":{"afb1":15304,"hoofdtitel":"Delicious Store \r\nRonald Stoot en Eric van Veggel","introtekst7":"<section>A long-cherished dream! Ronald Stoot, born and raised in Heerlen, opened a beautiful delicatessen shop on the Saroleastraat in Heerlen together with his partner Eric van Veggel. They named their shop Delicious Store.\u00a0<\/section><section><br data-start=\"325\" data-end=\"328\" \/>In their shop, you wander from one Heerlense story to the next. During their walks through the beautiful South Limburg countryside, the best ideas begin to flow. \u201cHow can we spoil our customers with honest and delicious regional products? Preferably inspired by the history of the city of Heerlen.\u201d Romans, the Middle Ages, or the mining past, topped off with Heerlen as a city of graffiti \u2014 you can find all these themes reflected in one of their products.<\/section><section><\/section>","builder":[{"acf_fc_layout":"cta_blok","tekst6":"A passion for honest and healthy food \u2014 that is the foundation. We want people to taste natural and artisanal products, and preferably with a story behind them.\r\n<div>\u2014 Ronald Stoot<\/div>","button_group6":null,"achtergrondkleur6":"coraal"},{"acf_fc_layout":"tekst_foto1","tekst4":"<h2 data-start=\"144\" data-end=\"184\">Where do they get their inspiration?<\/h2>\r\n<p data-start=\"186\" data-end=\"330\">They look for inspiration in Maastricht and \u2019s-Hertogenbosch, where regional products have long been developed and creatively brought to market.<\/p>\r\n<p data-start=\"332\" data-end=\"616\">Ronald and Eric have already created several products inspired by the Roman past. They started with Caumerdal cheese, followed by Limburgica cheese, delicious charcuterie and p\u00e2t\u00e9. Even the board on which you serve all these delicacies is engraved \u2014 they named it the secures board.<\/p>\r\n<p data-start=\"618\" data-end=\"1225\">We highly recommend visiting their shop. You won\u2019t be disappointed! Their passion and love for their craft are unmistakable. They truly brighten your day \u2014 after which you can enjoy all the delights you have placed in your shopping basket. Bon app\u00e9tit!<br data-start=\"870\" data-end=\"873\" \/>A tip from Ronald: \u201cWe encourage every entrepreneur to work creatively with the history of their city. It gives you the opportunity to engage in conversation with your customers. And collaboration? We can only recommend it. By working together with the city, associations or organisations, you increase your visibility and expand your customer base.\u201d<\/p>","button_group4":null,"foto44":15300,"achtergrondkleur4":"wit","viceversa4":true},{"acf_fc_layout":"tekst_foto1","tekst4":"<h2 data-start=\"1232\" data-end=\"1270\">Limburgica and Caumerdal Cheese<\/h2>\r\n<p data-start=\"1272\" data-end=\"1578\">The first inspiration came during a walk along the Caumerbeek, accompanied by alderman Clemens. The many herbs growing along the brook, such as wild garlic, form the basis of this delicious cheese \u2014 a herb known and used by the Romans as well. And the brook? It supplied water to Heerlen\u2019s Roman bathhouse.<\/p>","button_group4":null,"foto44":15316,"achtergrondkleur4":"wit","viceversa4":false},{"acf_fc_layout":"tekst_foto2","tekst5":"<p data-start=\"1580\" data-end=\"2017\">With Limburgica cheese they went a step further. An old recipe for Caseus, Roman cheese, inspired them. A wonderful combination of pepper, lovage and Amalfi lemons tingles your taste buds when you bite into Limburgica. And the label on the large cheese wheel hides numerous references to Roman South Limburg: the Voerendaal villa, the Lady of Simpelveld, and the waterways that carried water to and from the Roman bathhouse of Heerlen.<\/p>\r\n<p data-start=\"2019\" data-end=\"2302\">For Ronald and Eric it is important that the cheeses are produced honestly and locally. A Limburg farmer in Nederweert produces both cheeses. His cows roam freely, and even better: he does not vaccinate his cattle but simply uses turmeric. The result is a biodynamic, organic cheese.<\/p>","button_group5":null,"foto5":15326,"achtergrondkleur5":"wit","viceversa5":false},{"acf_fc_layout":"tekst_foto1","tekst4":"<h2 data-start=\"2309\" data-end=\"2333\">The Secures Board<\/h2>\r\n<p data-start=\"2335\" data-end=\"2651\">Delicious Store, woodworker FoodWood and Restaurant Graffiti joined forces to create a beautiful walnut board. The secures board is inspired by Heerlen\u2019s Roman past. For its shape, woodworker John Lambrichs chose a Roman axe. The boards are handcrafted and the walnut wood comes from the Imstenraderbos in Heerlen.<\/p>\r\n<p data-start=\"2653\" data-end=\"2871\">It is a pure product \u2014 handmade and a true piece of craftsmanship. No board is the same. This makes it an exclusive, limited edition. The secures board is ideal for serving bread, cheese, olives and other delicacies.<\/p>","button_group4":null,"foto44":15280,"achtergrondkleur4":"wit","viceversa4":false},{"acf_fc_layout":"tekst_foto2","tekst5":"<h2 data-start=\"2878\" data-end=\"2892\">Menapii<\/h2>\r\n<p data-start=\"2894\" data-end=\"3136\">In Roman times, the Menapii lived in our region \u2014 an inventive people who already knew how to cure meat so it would keep longer. The Romans took an interest and were inspired. The basis of Italian cured meats therefore likely originated here.<\/p>\r\n<p data-start=\"3138\" data-end=\"3340\">Dierendonck Butcheries in Belgium managed to trace the original bloodline of the Menapian pig and revived the breed. Its meat is comparable to Pata Negra \u2014 in other words, \u201cthe very best of the best\u201d.<\/p>\r\n<p data-start=\"3342\" data-end=\"3590\">At Delicious Store, you can enjoy a p\u00e2t\u00e9 made from Menapian pork: the so-called F\u00ebte du Couchon. Ask for it at the counter and treat yourself to a delicious sourdough sandwich topped with this p\u00e2t\u00e9 and finished with delightful oignons Monegask.<\/p>","button_group5":null,"foto5":15292,"achtergrondkleur5":"wit","viceversa5":false},{"acf_fc_layout":"tekst_foto1","tekst4":"<h3>Lucius\u2019 Love Jar<\/h3>\r\nFor this product, Ronald drew inspiration from the oldest love story in the Netherlands. The Roman jar of Lucius the potter served as the starting point. They chose a tongue-teasing praline (dark, white or milk chocolate) filled with a smooth hazelnut praline.\r\nJust like in love, you bite through the slightly firmer chocolate shell before enjoying the pure essence of nature inside: a deeply roasted hazelnut praline paste. It has a rich, deep nutty flavour, neither too bitter nor too sweet, referring to a passionate love full of surprises.\r\n\r\nThe shape of the praline \u2014 a small jar \u2014 refers to the oldest love story in the Netherlands. After all, the Roman Lucius personally made this jar for his beloved Amaka.\r\n\r\nWant to know more about this praline? Discover it <a href=\"https:\/\/www.viabelgica.nl\/en\/liefde-verborgen-in-een-chocolade-kruikje\/\">here<\/a>.","button_group4":null,"foto44":15424,"achtergrondkleur4":"wit","viceversa4":false}]},"yoast_head":"<!-- This site is optimized with the Yoast SEO plugin v27.6 - https:\/\/yoast.com\/product\/yoast-seo-wordpress\/ -->\n<title>Roman delicacies, from cheese to p\u00e2t\u00e9 - VIA VIA<\/title>\n<meta name=\"robots\" content=\"index, follow, max-snippet:-1, max-image-preview:large, max-video-preview:-1\" \/>\n<link rel=\"canonical\" href=\"https:\/\/via-via.eu\/en\/product\/limburgica-caseus-kaas-uit-parkstad\/\" \/>\n<meta property=\"og:locale\" content=\"en_US\" \/>\n<meta property=\"og:type\" content=\"article\" \/>\n<meta property=\"og:title\" content=\"Roman delicacies, from cheese to p\u00e2t\u00e9 - VIA VIA\" \/>\n<meta property=\"og:url\" content=\"https:\/\/via-via.eu\/en\/product\/limburgica-caseus-kaas-uit-parkstad\/\" \/>\n<meta property=\"og:site_name\" content=\"VIA VIA\" \/>\n<meta property=\"article:modified_time\" content=\"2026-01-20T21:06:04+00:00\" \/>\n<script type=\"application\/ld+json\" class=\"yoast-schema-graph\">{\"@context\":\"https:\\\/\\\/schema.org\",\"@graph\":[{\"@type\":\"WebPage\",\"@id\":\"https:\\\/\\\/via-via.eu\\\/en\\\/product\\\/limburgica-caseus-kaas-uit-parkstad\\\/\",\"url\":\"https:\\\/\\\/via-via.eu\\\/en\\\/product\\\/limburgica-caseus-kaas-uit-parkstad\\\/\",\"name\":\"Roman delicacies, from cheese to p\u00e2t\u00e9 - VIA VIA\",\"isPartOf\":{\"@id\":\"https:\\\/\\\/via-via.eu\\\/en\\\/#website\"},\"datePublished\":\"2025-10-02T11:02:39+00:00\",\"dateModified\":\"2026-01-20T21:06:04+00:00\",\"breadcrumb\":{\"@id\":\"https:\\\/\\\/via-via.eu\\\/en\\\/product\\\/limburgica-caseus-kaas-uit-parkstad\\\/#breadcrumb\"},\"inLanguage\":\"en-US\",\"potentialAction\":[{\"@type\":\"ReadAction\",\"target\":[\"https:\\\/\\\/via-via.eu\\\/en\\\/product\\\/limburgica-caseus-kaas-uit-parkstad\\\/\"]}]},{\"@type\":\"BreadcrumbList\",\"@id\":\"https:\\\/\\\/via-via.eu\\\/en\\\/product\\\/limburgica-caseus-kaas-uit-parkstad\\\/#breadcrumb\",\"itemListElement\":[{\"@type\":\"ListItem\",\"position\":1,\"name\":\"Home\",\"item\":\"https:\\\/\\\/via-via.eu\\\/en\\\/\"},{\"@type\":\"ListItem\",\"position\":2,\"name\":\"Roman delicacies, from cheese to p\u00e2t\u00e9\"}]},{\"@type\":\"WebSite\",\"@id\":\"https:\\\/\\\/via-via.eu\\\/en\\\/#website\",\"url\":\"https:\\\/\\\/via-via.eu\\\/en\\\/\",\"name\":\"VIA VIA\",\"description\":\"Moves you\",\"potentialAction\":[{\"@type\":\"SearchAction\",\"target\":{\"@type\":\"EntryPoint\",\"urlTemplate\":\"https:\\\/\\\/via-via.eu\\\/en\\\/?s={search_term_string}\"},\"query-input\":{\"@type\":\"PropertyValueSpecification\",\"valueRequired\":true,\"valueName\":\"search_term_string\"}}],\"inLanguage\":\"en-US\"}]}<\/script>\n<!-- \/ Yoast SEO plugin. -->","yoast_head_json":{"title":"Roman delicacies, from cheese to p\u00e2t\u00e9 - VIA VIA","robots":{"index":"index","follow":"follow","max-snippet":"max-snippet:-1","max-image-preview":"max-image-preview:large","max-video-preview":"max-video-preview:-1"},"canonical":"https:\/\/via-via.eu\/en\/product\/limburgica-caseus-kaas-uit-parkstad\/","og_locale":"en_US","og_type":"article","og_title":"Roman delicacies, from cheese to p\u00e2t\u00e9 - VIA VIA","og_url":"https:\/\/via-via.eu\/en\/product\/limburgica-caseus-kaas-uit-parkstad\/","og_site_name":"VIA VIA","article_modified_time":"2026-01-20T21:06:04+00:00","schema":{"@context":"https:\/\/schema.org","@graph":[{"@type":"WebPage","@id":"https:\/\/via-via.eu\/en\/product\/limburgica-caseus-kaas-uit-parkstad\/","url":"https:\/\/via-via.eu\/en\/product\/limburgica-caseus-kaas-uit-parkstad\/","name":"Roman delicacies, from cheese to p\u00e2t\u00e9 - VIA VIA","isPartOf":{"@id":"https:\/\/via-via.eu\/en\/#website"},"datePublished":"2025-10-02T11:02:39+00:00","dateModified":"2026-01-20T21:06:04+00:00","breadcrumb":{"@id":"https:\/\/via-via.eu\/en\/product\/limburgica-caseus-kaas-uit-parkstad\/#breadcrumb"},"inLanguage":"en-US","potentialAction":[{"@type":"ReadAction","target":["https:\/\/via-via.eu\/en\/product\/limburgica-caseus-kaas-uit-parkstad\/"]}]},{"@type":"BreadcrumbList","@id":"https:\/\/via-via.eu\/en\/product\/limburgica-caseus-kaas-uit-parkstad\/#breadcrumb","itemListElement":[{"@type":"ListItem","position":1,"name":"Home","item":"https:\/\/via-via.eu\/en\/"},{"@type":"ListItem","position":2,"name":"Roman delicacies, from cheese to p\u00e2t\u00e9"}]},{"@type":"WebSite","@id":"https:\/\/via-via.eu\/en\/#website","url":"https:\/\/via-via.eu\/en\/","name":"VIA VIA","description":"Moves you","potentialAction":[{"@type":"SearchAction","target":{"@type":"EntryPoint","urlTemplate":"https:\/\/via-via.eu\/en\/?s={search_term_string}"},"query-input":{"@type":"PropertyValueSpecification","valueRequired":true,"valueName":"search_term_string"}}],"inLanguage":"en-US"}]}},"_links":{"self":[{"href":"https:\/\/via-via.eu\/en\/wp-json\/wp\/v2\/product\/15358","targetHints":{"allow":["GET"]}}],"collection":[{"href":"https:\/\/via-via.eu\/en\/wp-json\/wp\/v2\/product"}],"about":[{"href":"https:\/\/via-via.eu\/en\/wp-json\/wp\/v2\/types\/product"}],"wp:attachment":[{"href":"https:\/\/via-via.eu\/en\/wp-json\/wp\/v2\/media?parent=15358"}],"curies":[{"name":"wp","href":"https:\/\/api.w.org\/{rel}","templated":true}]}}