{"id":16007,"date":"2026-05-07T07:58:39","date_gmt":"2026-05-07T05:58:39","guid":{"rendered":"https:\/\/via-via.eu\/product\/romeins-ijs-bij-gelateria-mario\/"},"modified":"2026-05-07T11:47:33","modified_gmt":"2026-05-07T09:47:33","slug":"romeins-ijs-bij-gelateria-mario","status":"publish","type":"product","link":"https:\/\/via-via.eu\/de\/produkt\/romeins-ijs-bij-gelateria-mario\/","title":{"rendered":"R\u00f6misches Eis bei Gelateria Mario"},"content":{"rendered":"","protected":false},"featured_media":0,"template":"","meta":{"_acf_changed":false,"inline_featured_image":false},"class_list":["post-16007","product","type-product","status-publish","hentry"],"acf":{"afb1":15771,"hoofdtitel":"R\u00f6misches Eis bei Gelateria Mario","introtekst7":"Mario Vanoppen ist Unternehmer durch und durch. In <span class=\"hover:entity-accent entity-underline inline cursor-pointer align-baseline\"><span class=\"whitespace-normal\">Vroenhoven<\/span><\/span> und <span class=\"hover:entity-accent entity-underline inline cursor-pointer align-baseline\"><span class=\"whitespace-normal\">Rekem<\/span><\/span> hat er bereits viele Kunden mit seinen k\u00f6stlichen Eiskreationen begeistert. Nun kann man auch auf dem Marktplatz von <span class=\"hover:entity-accent entity-underline inline cursor-pointer align-baseline\"><span class=\"whitespace-normal\">Tongeren<\/span><\/span> sein handwerklich hergestelltes Eis genie\u00dfen \u2013 mit Blick auf die wundersch\u00f6ne Basilika und ganz in der N\u00e4he des <span class=\"hover:entity-accent entity-underline inline cursor-pointer align-baseline\"><span class=\"whitespace-normal\">Gallo-Romeins Museum<\/span><\/span>.","builder":[{"acf_fc_layout":"tekst_foto1","tekst4":"<h2 data-section-id=\"1j2sn0z\" data-start=\"487\" data-end=\"524\">Unternehmertum liegt dir im Blut?<\/h2>\r\n<p data-start=\"526\" data-end=\"871\">Auf jeden Fall. Keine Herausforderung ist zu gro\u00df \u2013 wir nehmen sie an. Ich sehe \u00fcberall Chancen. Viele Unternehmer bleiben einfach sitzen und jammern, aber so kommt man nicht weiter. Eine positive Einstellung und die Zusammenarbeit mit anderen Unternehmern und Organisationen bringen einen voran. Suche keine Probleme, sondern denke in L\u00f6sungen.<\/p>\r\n\r\n<h2 data-section-id=\"1snd63p\" data-start=\"873\" data-end=\"891\">Warum VIA VIA?<\/h2>\r\n<p data-start=\"893\" data-end=\"1191\">Als ich vom VIA VIA-Projekt h\u00f6rte, begann mein kreativer Geist sofort zu arbeiten. Was mochten die R\u00f6mer gerne essen? Gab es damals schon Zucker? Nein \u2013 Honig. Und welche Kr\u00e4uter verwendeten sie? Welche Milch und welche Fr\u00fcchte? Nach vielen Fragen wusste ich es schlie\u00dflich: Via Belgica Romana-Eis.<\/p>","button_group4":null,"foto44":15795,"achtergrondkleur4":"wit","viceversa4":false},{"acf_fc_layout":"foto","carousel":[15747]},{"acf_fc_layout":"tekst_foto2","tekst5":"<h2 data-section-id=\"9k487\" data-start=\"1193\" data-end=\"1243\">Und was f\u00fcr ein Eis ist das \u201eVia Belgica\u201c-Eis?<\/h2>\r\n<p data-start=\"1245\" data-end=\"1593\">Auch R\u00f6mer, die lange Strecken zur\u00fccklegten, brauchten ab und zu eine Erfrischung. Denken Sie an m\u00fcde H\u00e4ndler, Reisende oder Soldaten nach einem langen Marsch. Ich lie\u00df mich von Zutaten wie Honig, Ricotta und Feigen inspirieren. Die Cremigkeit des Ricottas, die S\u00fc\u00dfe des Honigs und der volle Geschmack reifer Feigen \u2013 einfach zum Fingerabschlecken.<\/p>\r\n\r\n<h2 data-section-id=\"1961331\" data-start=\"1595\" data-end=\"1622\">Honig vom Imker De Kevi<\/h2>\r\n<p data-start=\"1624\" data-end=\"1912\">Die Zusammenarbeit mit anderen lokalen Unternehmern ist f\u00fcr mich ein Muss. F\u00fcr das Via Belgica-Eis war es daher selbstverst\u00e4ndlich, dass ich nicht irgendeinen Honig verwende. Der Honig des lokalen Imkers \u201eDe Kevi\u201c ist eine feste Gr\u00f6\u00dfe in Tongeren. Und jetzt auch in unserem r\u00f6mischen Eis.<\/p>","button_group5":null,"foto5":15787,"achtergrondkleur5":"wit","viceversa5":false},{"acf_fc_layout":"foto","carousel":[15771]},{"acf_fc_layout":"tekstblok","tekst1":"<h4 data-section-id=\"1ak30dr\" data-start=\"1914\" data-end=\"1934\">Kleines Geschenk<\/h4>\r\n<p data-start=\"1936\" data-end=\"2272\">Jeder Tourist, der mit der VIA VIA \/ Via Belgica-App an unserem Gesch\u00e4ft vorbeigeht, h\u00f6rt den Klang eines r\u00f6mischen Cornus. In diesem Moment erscheint ein Pop-up mit \u201eMario\u2019s IJs\u201c in der App. Zeigen Sie dieses in unserem Gesch\u00e4ft vor und erhalten Sie kostenlos ein leckeres Topping (bunte Streusel, Schlagsahne oder N\u00fcsse) zu Ihrem Eis.<\/p>\r\n<p data-start=\"2274\" data-end=\"2379\">Guten Appetit \u2013 und genie\u00dfen Sie all die r\u00f6mischen Sch\u00f6nheiten von <span class=\"hover:entity-accent entity-underline inline cursor-pointer align-baseline\"><span class=\"whitespace-normal\">Tongeren<\/span><\/span>!<\/p>","button_group2":null,"achtergrondkleur":"wit"}]},"yoast_head":"<!-- This site is optimized with the Yoast SEO plugin v27.6 - https:\/\/yoast.com\/product\/yoast-seo-wordpress\/ -->\n<title>R\u00f6misches Eis bei Gelateria Mario - VIA VIA<\/title>\n<meta name=\"robots\" content=\"index, follow, max-snippet:-1, max-image-preview:large, max-video-preview:-1\" \/>\n<link rel=\"canonical\" href=\"https:\/\/via-via.eu\/de\/produkt\/romeins-ijs-bij-gelateria-mario\/\" \/>\n<meta property=\"og:locale\" content=\"de_DE\" \/>\n<meta property=\"og:type\" content=\"article\" \/>\n<meta property=\"og:title\" content=\"R\u00f6misches Eis bei Gelateria Mario - VIA VIA\" \/>\n<meta property=\"og:url\" content=\"https:\/\/via-via.eu\/de\/produkt\/romeins-ijs-bij-gelateria-mario\/\" \/>\n<meta property=\"og:site_name\" content=\"VIA VIA\" \/>\n<meta property=\"article:modified_time\" content=\"2026-05-07T09:47:33+00:00\" \/>\n<script type=\"application\/ld+json\" class=\"yoast-schema-graph\">{\"@context\":\"https:\\\/\\\/schema.org\",\"@graph\":[{\"@type\":\"WebPage\",\"@id\":\"https:\\\/\\\/via-via.eu\\\/de\\\/produkt\\\/romeins-ijs-bij-gelateria-mario\\\/\",\"url\":\"https:\\\/\\\/via-via.eu\\\/de\\\/produkt\\\/romeins-ijs-bij-gelateria-mario\\\/\",\"name\":\"R\u00f6misches Eis bei Gelateria Mario - VIA VIA\",\"isPartOf\":{\"@id\":\"https:\\\/\\\/via-via.eu\\\/de\\\/#website\"},\"datePublished\":\"2026-05-07T05:58:39+00:00\",\"dateModified\":\"2026-05-07T09:47:33+00:00\",\"breadcrumb\":{\"@id\":\"https:\\\/\\\/via-via.eu\\\/de\\\/produkt\\\/romeins-ijs-bij-gelateria-mario\\\/#breadcrumb\"},\"inLanguage\":\"de\",\"potentialAction\":[{\"@type\":\"ReadAction\",\"target\":[\"https:\\\/\\\/via-via.eu\\\/de\\\/produkt\\\/romeins-ijs-bij-gelateria-mario\\\/\"]}]},{\"@type\":\"BreadcrumbList\",\"@id\":\"https:\\\/\\\/via-via.eu\\\/de\\\/produkt\\\/romeins-ijs-bij-gelateria-mario\\\/#breadcrumb\",\"itemListElement\":[{\"@type\":\"ListItem\",\"position\":1,\"name\":\"Home\",\"item\":\"https:\\\/\\\/via-via.eu\\\/de\\\/\"},{\"@type\":\"ListItem\",\"position\":2,\"name\":\"R\u00f6misches Eis bei Gelateria Mario\"}]},{\"@type\":\"WebSite\",\"@id\":\"https:\\\/\\\/via-via.eu\\\/de\\\/#website\",\"url\":\"https:\\\/\\\/via-via.eu\\\/de\\\/\",\"name\":\"VIA VIA\",\"description\":\"Moves you\",\"potentialAction\":[{\"@type\":\"SearchAction\",\"target\":{\"@type\":\"EntryPoint\",\"urlTemplate\":\"https:\\\/\\\/via-via.eu\\\/de\\\/?s={search_term_string}\"},\"query-input\":{\"@type\":\"PropertyValueSpecification\",\"valueRequired\":true,\"valueName\":\"search_term_string\"}}],\"inLanguage\":\"de\"}]}<\/script>\n<!-- \/ Yoast SEO plugin. -->","yoast_head_json":{"title":"R\u00f6misches Eis bei Gelateria Mario - VIA VIA","robots":{"index":"index","follow":"follow","max-snippet":"max-snippet:-1","max-image-preview":"max-image-preview:large","max-video-preview":"max-video-preview:-1"},"canonical":"https:\/\/via-via.eu\/de\/produkt\/romeins-ijs-bij-gelateria-mario\/","og_locale":"de_DE","og_type":"article","og_title":"R\u00f6misches Eis bei Gelateria Mario - VIA VIA","og_url":"https:\/\/via-via.eu\/de\/produkt\/romeins-ijs-bij-gelateria-mario\/","og_site_name":"VIA VIA","article_modified_time":"2026-05-07T09:47:33+00:00","schema":{"@context":"https:\/\/schema.org","@graph":[{"@type":"WebPage","@id":"https:\/\/via-via.eu\/de\/produkt\/romeins-ijs-bij-gelateria-mario\/","url":"https:\/\/via-via.eu\/de\/produkt\/romeins-ijs-bij-gelateria-mario\/","name":"R\u00f6misches Eis bei Gelateria Mario - VIA VIA","isPartOf":{"@id":"https:\/\/via-via.eu\/de\/#website"},"datePublished":"2026-05-07T05:58:39+00:00","dateModified":"2026-05-07T09:47:33+00:00","breadcrumb":{"@id":"https:\/\/via-via.eu\/de\/produkt\/romeins-ijs-bij-gelateria-mario\/#breadcrumb"},"inLanguage":"de","potentialAction":[{"@type":"ReadAction","target":["https:\/\/via-via.eu\/de\/produkt\/romeins-ijs-bij-gelateria-mario\/"]}]},{"@type":"BreadcrumbList","@id":"https:\/\/via-via.eu\/de\/produkt\/romeins-ijs-bij-gelateria-mario\/#breadcrumb","itemListElement":[{"@type":"ListItem","position":1,"name":"Home","item":"https:\/\/via-via.eu\/de\/"},{"@type":"ListItem","position":2,"name":"R\u00f6misches Eis bei Gelateria Mario"}]},{"@type":"WebSite","@id":"https:\/\/via-via.eu\/de\/#website","url":"https:\/\/via-via.eu\/de\/","name":"VIA VIA","description":"Moves you","potentialAction":[{"@type":"SearchAction","target":{"@type":"EntryPoint","urlTemplate":"https:\/\/via-via.eu\/de\/?s={search_term_string}"},"query-input":{"@type":"PropertyValueSpecification","valueRequired":true,"valueName":"search_term_string"}}],"inLanguage":"de"}]}},"_links":{"self":[{"href":"https:\/\/via-via.eu\/de\/wp-json\/wp\/v2\/product\/16007","targetHints":{"allow":["GET"]}}],"collection":[{"href":"https:\/\/via-via.eu\/de\/wp-json\/wp\/v2\/product"}],"about":[{"href":"https:\/\/via-via.eu\/de\/wp-json\/wp\/v2\/types\/product"}],"wp:attachment":[{"href":"https:\/\/via-via.eu\/de\/wp-json\/wp\/v2\/media?parent=16007"}],"curies":[{"name":"wp","href":"https:\/\/api.w.org\/{rel}","templated":true}]}}