{"id":15079,"date":"2025-09-26T15:01:04","date_gmt":"2025-09-26T13:01:04","guid":{"rendered":"https:\/\/dev.studiozeven.com\/viavia\/over-ons\/"},"modified":"2026-03-29T13:27:51","modified_gmt":"2026-03-29T11:27:51","slug":"uber-uns","status":"publish","type":"page","link":"https:\/\/via-via.eu\/de\/uber-uns\/","title":{"rendered":"\u00dcber uns"},"content":{"rendered":"","protected":false},"excerpt":{"rendered":"","protected":false},"author":1,"featured_media":0,"parent":0,"menu_order":0,"comment_status":"closed","ping_status":"closed","template":"page-over-ons.php","meta":{"_acf_changed":false,"inline_featured_image":false,"footnotes":""},"class_list":["post-15079","page","type-page","status-publish","hentry"],"acf":{"afb1":14899,"hoofdtitel":"Erlebe die r\u00f6mische Vergangenheit in der Maas-Rhein-Euregio mit VIA VIA","introtekst7":"<h3>\u201eWas folgt, ist immer mit dem verbunden, was zuvor geschah.\u201c<\/h3>\r\nDas sind die weisen Worte des ber\u00fcchtigten r\u00f6mischen Kaisers Marcus Aurelius \u2013 und er hatte recht. Nehmen wir zum Beispiel die R\u00f6merstra\u00dfe. Vor fast 2.000 Jahren brachte sie Menschen in der gesamten Maas-Rhein-Euregio zusammen: R\u00f6mer, Germanen und gallische Bev\u00f6lkerungsgruppen. Und ab 2027 wird sie dies durch das interregionale Projekt VIA VIA erneut tun.\r\n\r\n&nbsp;\r\n<h3>Ein grenz\u00fcberschreitendes r\u00f6misches Erlebnis<\/h3>\r\nVIA VIA vereint 13 Partner aus der gesamten Euregio, die gemeinsam daran arbeiten, die r\u00f6mische Vergangenheit der Region wieder zum Leben zu erwecken. Ihre Zusammenarbeit schafft eine neue grenz\u00fcberschreitende Route f\u00fcr Wanderer und Radfahrer, die Besucher durch Belgien, die Niederlande und Deutschland f\u00fchrt. Durch die Verbindung des Via Erlebnisraums R\u00f6merstra\u00dfe, der Via Belgica und des Fruitspoor entsteht eine neue, nahtlose Reise entlang bestehender R\u00f6merwege.\r\n\r\nEntlang der VIA VIA-Route kannst du neun immersive Hotspots entdecken \u2013 jeder bietet einen einzigartigen Einblick in die faszinierende Bl\u00fctezeit des R\u00f6mischen Reiches. Durch immersive Erlebnisse \u2013 von Themenrouten und 3D-Charakteren \u00fcber immersive R\u00e4ume, interaktive Ausstellungen, Landschaftselemente und Audiofragmente \u2013 laden diese Hotspots dazu ein, die gemeinsame r\u00f6mische Geschichte neu zu entdecken.\r\n\r\n&nbsp;\r\n<h3>Die VIA VIA-Hotspots:<\/h3>\r\n<ol>\r\n \t<li>Tienen \u2013 ein interaktiver Rundgang entlang r\u00f6mischer St\u00e4tten.<\/li>\r\n \t<li>Tongern \u2013 ein interaktiver Rundgang entlang r\u00f6mischer St\u00e4tten.<\/li>\r\n \t<li>Das Gallo-R\u00f6mische Museum\u00a0Tongern \u2013 ein immersiver Raum.<\/li>\r\n \t<li>Maastricht \u2013 interaktive Exponate im Maastricht Museum und im Hotel Derlon.<\/li>\r\n \t<li>Voerendaal \u2013 interaktives Landschaftselement bei der Villa Voerendaal.<\/li>\r\n \t<li>Das R\u00f6mische Museum\u00a0Heerlen \u2013 ein immersiver Raum.<\/li>\r\n \t<li>Simpelveld \u2013 ein grenz\u00fcberschreitender r\u00f6mischer Landschaftspark.<\/li>\r\n \t<li>Aachen \u2013 ein r\u00f6mischer Stadtrundgang.<\/li>\r\n \t<li>J\u00fclich \u2013 interaktive Ausstellung im Museum Zitadelle.<\/li>\r\n<\/ol>\r\n&nbsp;\r\n<h3>Gehe, entdecke und tauche ein<\/h3>\r\nAuf dem Weg zu den verschiedenen Hotspots durchquerst du atemberaubende H\u00fcgellandschaften, lebendige St\u00e4dte und beeindruckende arch\u00e4ologische St\u00e4tten. Bew\u00e4ltige die gesamte Route in einer einzigen Wander- oder Fahrradtour oder erkunde sie in deinem eigenen Tempo. Tienen, Tongern, Maastricht, Heerlen, Voerendaal, Simpelveld, Aachen und J\u00fclich sind perfekte Start- und Haltepunkte \u2013 jede mit einer eigenen fesselnden r\u00f6mischen Geschichte. Du bestimmst, wie du deine r\u00f6mische Reise gestalten m\u00f6chtest.\r\n\r\nKannst du es nicht abwarten? Entdecke die vielen r\u00f6mischen Attraktionen jetzt auf unserer interaktiven Karte!\r\n\r\n&nbsp;\r\n<h3>Eine Geschichte, die dich leitet<\/h3>\r\nTriff deine Begleiter auf der VIA VIA-Route: die r\u00f6mische H\u00e4ndlerfamilie des Quintus Iulius Viator. Sie lebte im 2. Jahrhundert n. Chr. in der florierenden r\u00f6mischen Maas-Rhein-Euregio und reiste f\u00fcr den Handel durch die Region, wobei sie ihre wichtigsten St\u00e4dte besuchte. Ihr Reisebericht h\u00e4lt die Geschichten, Eindr\u00fccke und Begegnungen ihrer Reisen fest.\r\n\r\nDank KI wird die H\u00e4ndlerfamilie auf eindrucksvolle Weise wieder zum Leben erweckt. Sie teilen ihre Erlebnisse an jedem VIA VIA-Hotspot und erm\u00f6glichen dir, die Region durch ihre Augen zu entdecken.\r\n\r\nFolge ihren Wagen\u00adspuren und tauche ein in die lebendige Welt der r\u00f6mischen Vergangenheit.\r\n\r\n&nbsp;\r\n<h3>Lerne die Figuren kennen:<\/h3>\r\n<h4>Emma Meyers<\/h4>\r\nAls die heutige Arch\u00e4ologin Emma Meyers eine Kiste von ihrem Ururgro\u00dfvater \u2013 einem Hobbyarch\u00e4ologen aus dem sp\u00e4ten 19. Jahrhundert \u2013 erbt, entdeckt sie eine h\u00f6lzerne Schreibtafel. Bei der Untersuchung der Kratzspuren im Holz findet sie einen einzigartigen Reisebericht einer H\u00e4ndlerfamilie aus dem 2. Jahrhundert n. Chr. Viele Fragmente sind erhalten geblieben. Fasziniert widmet sie sich der Rekonstruktion der Geschichte. Um bestimmte L\u00fccken zu f\u00fcllen, folgt sie den Spuren von Quintus Iulius Viator und seiner Familie. Sie besucht die im Reisebericht erw\u00e4hnten Orte und gelangt in das heutige Tienen, Tongern, Maastricht, Heerlen, Voerendaal, Simpelveld, Aachen und J\u00fclich. Mit Hilfe moderner Technologien und der neuesten arch\u00e4ologischen Methoden \u00fcberpr\u00fcft sie den Inhalt \u2013 und so entsteht ein umfassendes Werk, dessen R\u00fcckgrat der jahrhundertealte Reisebericht bildet.\r\n\r\n&nbsp;\r\n<h3>Vater: Quintus Iulius Viator<\/h3>\r\nQuintus Iulius ist ein impulsiver Tr\u00e4umer. Immer wieder st\u00fcrzt er sich in Handelsgesch\u00e4fte, die kaum Aussicht auf Erfolg haben. Sein Ziel? Die Marktl\u00fccke finden, genug verdienen, um seiner Familie eine goldene Zukunft zu sichern \u2013 und vielleicht auf einen Schlag Zugang zu den patrizischen Familien zu erhalten. Seine Handelsreisen f\u00fchren die Familie an zahlreiche Orte in der Maas-Rhein-Euregio: Iuliacum (J\u00fclich), Aquae Granni (Aachen), Traiectum ad Mosam (Maastricht), Coriovallum (Heerlen) und in das umliegende Villenland von Simpelveld und Voerendaal, Atuatuca Tungrorum (Tongern) und Aeria (Tienen). In seinem Gefolge entdecken wir, wie die Menschen dachten und lebten \u2013 und wie sehr das Leben dem heutigen \u00e4hnelt.\r\n\r\nWie sein Sohn Marcus Iulius Viator im Reisebericht schreibt:\r\n\u201eDie Menschen suchen immer nach hoffnungsvollen Geschichten. Von Heilung, Liebe, Schutz und einem sicheren Jenseits. Mein Vater verstand das besser als jeder andere und richtete seinen H\u00e4ndlerblick auf einzigartige Objekte, die jeweils eine kraftvolle Geschichte erz\u00e4hlen.\u201c\r\n\r\n&nbsp;\r\n<h4>Mutter: Ammulva Iucunda<\/h4>\r\nAmmulva Iucunda hat germanische Vorfahren, die einst hohe Positionen innerhalb der lokalen St\u00e4mme innehatten. Nach der Ankunft der R\u00f6mer erwarb ihre Familie Land und errichtete darauf einen Villenkomplex. All dies lie\u00df Ammulva hinter sich, als sie ihrem Herzen folgte und Quintus Iulius heiratete. Ihr Ehemann tut alles, um ihr den Luxus und den Komfort zur\u00fcckzugeben, den sie \u201ewegen ihm\u201c verloren hat.\r\n\r\nAmmulva ist neugierig, abenteuerlustig und besitzt einen schnellen, offenen Geist, der oft mit den Sitten ihrer Zeit kollidiert. Sie freut sich auf jede neue Handelsreise, auf jede Fahrt mit dem Wagen entlang der R\u00f6merstra\u00dfe, auf jede neue Stadt und jeden neuen Ort, den die Familie besucht. So nimmt sie Kultur in all ihren Facetten auf und gibt ihre neu gewonnenen Erkenntnisse an ihre Kinder weiter. Ammulva hinterfragt g\u00e4ngige \u201eWahrheiten\u201c und stellt st\u00e4ndig alles infrage. Sie h\u00e4lt ihre Reiseeindr\u00fccke in Skizzen fest \u2013 heimlich, denn im 2. Jahrhundert gilt es f\u00fcr Frauen als unschicklich zu zeichnen.\r\n\r\n&nbsp;\r\n<h4>Die Kinder: Marcus Iulius Viator und Julia Ammulva<\/h4>\r\nMarcus Iulius ist 13 Jahre alt. Er liebt Geschichten aus der Vergangenheit, das Ausgraben von Dingen und das leidenschaftliche Aufdecken von Geheimnissen. Er verehrt den r\u00f6mischen Kaiser-Philosophen Marcus Aurelius und zitiert ihn bei jeder Gelegenheit: \u201eWas folgt, ist immer mit dem verbunden, was zuvor geschah.\u201c Seine Bewunderung f\u00fcr die r\u00f6mische Kultur ist gro\u00df, was gelegentlich zu Diskussionen mit seinen Eltern f\u00fchrt, die auch die negativen Aspekte der r\u00f6mischen Herrschaft erleben. Marcus ist der Hauptautor des Reiseberichts und interpretiert die Ereignisse aus der Sicht seiner eigenen Zeit.\r\n\r\nJulia Ammulva sieht die Welt mit dem fantasievollen, unvoreingenommenen Blick eines neunj\u00e4hrigen M\u00e4dchens. Sie liebt die Welt der G\u00f6tter und ihrer Riten und Geschichten. Sie tr\u00e4umt vor sich hin und hat sogar eine imagin\u00e4re Freundin: ihre verstorbene H\u00fcndin Lupula. Julia tr\u00e4umt davon, eine Seherin zu werden. Ihre Tr\u00e4ume sind lebhaft und sie spricht ununterbrochen dar\u00fcber. Ihre Mutter holt sie st\u00e4ndig in die Realit\u00e4t zur\u00fcck. Die dramatische Ironie besteht darin, dass ihre Tr\u00e4ume ihr tats\u00e4chlich einen Blick in die Zukunft erm\u00f6glichen und so eine Br\u00fccke zwischen dem 2. und dem 21. Jahrhundert schlagen.","builder":[{"acf_fc_layout":"tekstblok","tekst1":"","button_group2":null,"achtergrondkleur":"wit"}]},"yoast_head":"<!-- This site is optimized with the Yoast SEO plugin v27.6 - https:\/\/yoast.com\/product\/yoast-seo-wordpress\/ -->\n<title>\u00dcber uns - VIA VIA<\/title>\n<meta name=\"robots\" content=\"index, follow, max-snippet:-1, max-image-preview:large, max-video-preview:-1\" \/>\n<link rel=\"canonical\" href=\"https:\/\/via-via.eu\/de\/uber-uns\/\" \/>\n<meta property=\"og:locale\" content=\"de_DE\" \/>\n<meta property=\"og:type\" content=\"article\" \/>\n<meta property=\"og:title\" content=\"\u00dcber uns - VIA VIA\" \/>\n<meta property=\"og:url\" content=\"https:\/\/via-via.eu\/de\/uber-uns\/\" \/>\n<meta property=\"og:site_name\" content=\"VIA VIA\" \/>\n<meta property=\"article:modified_time\" content=\"2026-03-29T11:27:51+00:00\" \/>\n<script type=\"application\/ld+json\" class=\"yoast-schema-graph\">{\"@context\":\"https:\\\/\\\/schema.org\",\"@graph\":[{\"@type\":\"WebPage\",\"@id\":\"https:\\\/\\\/via-via.eu\\\/de\\\/uber-uns\\\/\",\"url\":\"https:\\\/\\\/via-via.eu\\\/de\\\/uber-uns\\\/\",\"name\":\"\u00dcber uns - VIA VIA\",\"isPartOf\":{\"@id\":\"https:\\\/\\\/via-via.eu\\\/de\\\/#website\"},\"datePublished\":\"2025-09-26T13:01:04+00:00\",\"dateModified\":\"2026-03-29T11:27:51+00:00\",\"breadcrumb\":{\"@id\":\"https:\\\/\\\/via-via.eu\\\/de\\\/uber-uns\\\/#breadcrumb\"},\"inLanguage\":\"de\",\"potentialAction\":[{\"@type\":\"ReadAction\",\"target\":[\"https:\\\/\\\/via-via.eu\\\/de\\\/uber-uns\\\/\"]}]},{\"@type\":\"BreadcrumbList\",\"@id\":\"https:\\\/\\\/via-via.eu\\\/de\\\/uber-uns\\\/#breadcrumb\",\"itemListElement\":[{\"@type\":\"ListItem\",\"position\":1,\"name\":\"Home\",\"item\":\"https:\\\/\\\/via-via.eu\\\/de\\\/\"},{\"@type\":\"ListItem\",\"position\":2,\"name\":\"\u00dcber uns\"}]},{\"@type\":\"WebSite\",\"@id\":\"https:\\\/\\\/via-via.eu\\\/de\\\/#website\",\"url\":\"https:\\\/\\\/via-via.eu\\\/de\\\/\",\"name\":\"VIA VIA\",\"description\":\"Moves you\",\"potentialAction\":[{\"@type\":\"SearchAction\",\"target\":{\"@type\":\"EntryPoint\",\"urlTemplate\":\"https:\\\/\\\/via-via.eu\\\/de\\\/?s={search_term_string}\"},\"query-input\":{\"@type\":\"PropertyValueSpecification\",\"valueRequired\":true,\"valueName\":\"search_term_string\"}}],\"inLanguage\":\"de\"}]}<\/script>\n<!-- \/ Yoast SEO plugin. -->","yoast_head_json":{"title":"\u00dcber uns - VIA VIA","robots":{"index":"index","follow":"follow","max-snippet":"max-snippet:-1","max-image-preview":"max-image-preview:large","max-video-preview":"max-video-preview:-1"},"canonical":"https:\/\/via-via.eu\/de\/uber-uns\/","og_locale":"de_DE","og_type":"article","og_title":"\u00dcber uns - VIA VIA","og_url":"https:\/\/via-via.eu\/de\/uber-uns\/","og_site_name":"VIA VIA","article_modified_time":"2026-03-29T11:27:51+00:00","schema":{"@context":"https:\/\/schema.org","@graph":[{"@type":"WebPage","@id":"https:\/\/via-via.eu\/de\/uber-uns\/","url":"https:\/\/via-via.eu\/de\/uber-uns\/","name":"\u00dcber uns - VIA VIA","isPartOf":{"@id":"https:\/\/via-via.eu\/de\/#website"},"datePublished":"2025-09-26T13:01:04+00:00","dateModified":"2026-03-29T11:27:51+00:00","breadcrumb":{"@id":"https:\/\/via-via.eu\/de\/uber-uns\/#breadcrumb"},"inLanguage":"de","potentialAction":[{"@type":"ReadAction","target":["https:\/\/via-via.eu\/de\/uber-uns\/"]}]},{"@type":"BreadcrumbList","@id":"https:\/\/via-via.eu\/de\/uber-uns\/#breadcrumb","itemListElement":[{"@type":"ListItem","position":1,"name":"Home","item":"https:\/\/via-via.eu\/de\/"},{"@type":"ListItem","position":2,"name":"\u00dcber uns"}]},{"@type":"WebSite","@id":"https:\/\/via-via.eu\/de\/#website","url":"https:\/\/via-via.eu\/de\/","name":"VIA VIA","description":"Moves you","potentialAction":[{"@type":"SearchAction","target":{"@type":"EntryPoint","urlTemplate":"https:\/\/via-via.eu\/de\/?s={search_term_string}"},"query-input":{"@type":"PropertyValueSpecification","valueRequired":true,"valueName":"search_term_string"}}],"inLanguage":"de"}]}},"_links":{"self":[{"href":"https:\/\/via-via.eu\/de\/wp-json\/wp\/v2\/pages\/15079","targetHints":{"allow":["GET"]}}],"collection":[{"href":"https:\/\/via-via.eu\/de\/wp-json\/wp\/v2\/pages"}],"about":[{"href":"https:\/\/via-via.eu\/de\/wp-json\/wp\/v2\/types\/page"}],"author":[{"embeddable":true,"href":"https:\/\/via-via.eu\/de\/wp-json\/wp\/v2\/users\/1"}],"replies":[{"embeddable":true,"href":"https:\/\/via-via.eu\/de\/wp-json\/wp\/v2\/comments?post=15079"}],"version-history":[{"count":10,"href":"https:\/\/via-via.eu\/de\/wp-json\/wp\/v2\/pages\/15079\/revisions"}],"predecessor-version":[{"id":15513,"href":"https:\/\/via-via.eu\/de\/wp-json\/wp\/v2\/pages\/15079\/revisions\/15513"}],"wp:attachment":[{"href":"https:\/\/via-via.eu\/de\/wp-json\/wp\/v2\/media?parent=15079"}],"curies":[{"name":"wp","href":"https:\/\/api.w.org\/{rel}","templated":true}]}}