{"id":15070,"date":"2025-09-26T15:02:10","date_gmt":"2025-09-26T13:02:10","guid":{"rendered":"https:\/\/dev.studiozeven.com\/viavia\/romeinse-producten\/"},"modified":"2026-01-20T23:01:25","modified_gmt":"2026-01-20T21:01:25","slug":"romeinse-producten","status":"publish","type":"page","link":"https:\/\/via-via.eu\/de\/romeinse-producten\/","title":{"rendered":"R\u00f6mische Produkte"},"content":{"rendered":"","protected":false},"excerpt":{"rendered":"","protected":false},"author":1,"featured_media":0,"parent":0,"menu_order":0,"comment_status":"closed","ping_status":"closed","template":"page-romeinse-producten.php","meta":{"_acf_changed":false,"inline_featured_image":false,"footnotes":""},"class_list":["post-15070","page","type-page","status-publish","hentry"],"acf":{"afb1":15426,"hoofdtitel":"R\u00f6mische Produkte","introtekst7":"<p data-start=\"3316\" data-end=\"3664\">VIA VIA f\u00fchrt Sie zu zahlreichen r\u00f6mischen Orten sowie zu engagierten Unternehmern, die sich vom r\u00f6mischen Erbe inspirieren lassen. Mit dem Wissen von damals und dem Wissen von heute schaffen sie die originellsten Produkte \u2014 Produkte, die auch Sie geniessen d\u00fcrfen. Entdecken Sie unten unsere Unternehmer und ihre Produkte.<\/p>\r\n\r\n<h3 data-start=\"4836\" data-end=\"4912\"><\/h3>","builder":[{"acf_fc_layout":"tekstblok","tekst1":"<h2>Sind Sie selbst Unternehmer und m\u00f6chten VIA VIA-Unternehmer werden?<\/h2>\r\n<p data-start=\"3666\" data-end=\"3898\">Dann kontaktieren Sie uns unverbindlich unter <a rel=\"noopener\" data-start=\"3782\" data-end=\"3796\">info@viavia.eu<\/a>. Wir unterst\u00fctzen Sie gerne bei der Entwicklung Ihres einzigartigen, r\u00f6misch inspirierten Produkts.<\/p>\r\n\r\n<h3 data-start=\"3900\" data-end=\"3955\">Was erwarten wir von Ihnen als VIA VIA-Unternehmer?<\/h3>\r\n<ul data-start=\"3957\" data-end=\"4103\">\r\n \t<li data-start=\"3957\" data-end=\"4050\">\r\n<p data-start=\"3959\" data-end=\"4050\">Sie entwickeln ein vom r\u00f6mischen Erbe inspiriertes Produkt und bieten es Ihren Kunden an.<\/p>\r\n<\/li>\r\n \t<li data-start=\"4051\" data-end=\"4103\">\r\n<p data-start=\"4053\" data-end=\"4103\">Sie informieren uns, wenn sich Ihr Angebot \u00e4ndert.<\/p>\r\n<\/li>\r\n<\/ul>\r\n<h3 data-start=\"4105\" data-end=\"4164\">Was bieten wir Ihnen kostenlos als VIA VIA-Unternehmer?<\/h3>\r\n<ul data-start=\"4166\" data-end=\"4834\">\r\n \t<li data-start=\"4166\" data-end=\"4252\">\r\n<p data-start=\"4168\" data-end=\"4252\">Sie k\u00f6nnen j\u00e4hrlich an den Inspirationstreffen \u201eFreunde von VIA VIA\u201c teilnehmen.<\/p>\r\n<\/li>\r\n \t<li data-start=\"4253\" data-end=\"4478\">\r\n<p data-start=\"4255\" data-end=\"4478\">Sie werden mit den notwendigen Fachleuten vernetzt, um Ihr Produkt zu entwickeln. M\u00f6chten Sie zum Beispiel Glas blasen? Dann bringen wir Sie mit einem Spezialisten f\u00fcr r\u00f6misches Glas in Kontakt, um Inspiration zu sammeln.<\/p>\r\n<\/li>\r\n \t<li data-start=\"4479\" data-end=\"4541\">\r\n<p data-start=\"4481\" data-end=\"4541\">Wir f\u00fchren ein Interview und erstellen eine Fotoreportage.<\/p>\r\n<\/li>\r\n \t<li data-start=\"4542\" data-end=\"4685\">\r\n<p data-start=\"4544\" data-end=\"4685\">Wir stellen Ihr Unternehmen und Ihre Produkte auf unserer Website, in den sozialen Medien und in weiteren Werbematerialien ins Rampenlicht.<\/p>\r\n<\/li>\r\n \t<li data-start=\"4542\" data-end=\"4685\">\r\n<p data-start=\"4544\" data-end=\"4685\">Regelm\u00e4ssig werden Veranstaltungen organisiert, und Sie erhalten unverbindlich die M\u00f6glichkeit, Ihre Produkte und Ihr Unternehmen zu pr\u00e4sentieren.<\/p>\r\n<\/li>\r\n<\/ul>\r\n<h3 data-start=\"4836\" data-end=\"4912\"><\/h3>","button_group2":[{"button_tekst2":"melde dich jetzt an","button_link2":{"title":"","url":"mailto:info@via-via.eu?subject=Participeren%20onderneming","target":"_blank"}}],"achtergrondkleur":"bordeaux"}]},"yoast_head":"<!-- This site is optimized with the Yoast SEO plugin v27.6 - https:\/\/yoast.com\/product\/yoast-seo-wordpress\/ -->\n<title>R\u00f6mische Produkte - VIA VIA<\/title>\n<meta name=\"robots\" content=\"index, follow, max-snippet:-1, max-image-preview:large, max-video-preview:-1\" \/>\n<link rel=\"canonical\" href=\"https:\/\/via-via.eu\/de\/romeinse-producten\/\" \/>\n<meta property=\"og:locale\" content=\"de_DE\" \/>\n<meta property=\"og:type\" content=\"article\" \/>\n<meta property=\"og:title\" content=\"R\u00f6mische Produkte - VIA VIA\" \/>\n<meta property=\"og:url\" content=\"https:\/\/via-via.eu\/de\/romeinse-producten\/\" \/>\n<meta property=\"og:site_name\" content=\"VIA VIA\" \/>\n<meta property=\"article:modified_time\" content=\"2026-01-20T21:01:25+00:00\" \/>\n<script type=\"application\/ld+json\" class=\"yoast-schema-graph\">{\"@context\":\"https:\\\/\\\/schema.org\",\"@graph\":[{\"@type\":\"WebPage\",\"@id\":\"https:\\\/\\\/via-via.eu\\\/de\\\/romeinse-producten\\\/\",\"url\":\"https:\\\/\\\/via-via.eu\\\/de\\\/romeinse-producten\\\/\",\"name\":\"R\u00f6mische Produkte - VIA VIA\",\"isPartOf\":{\"@id\":\"https:\\\/\\\/via-via.eu\\\/de\\\/#website\"},\"datePublished\":\"2025-09-26T13:02:10+00:00\",\"dateModified\":\"2026-01-20T21:01:25+00:00\",\"breadcrumb\":{\"@id\":\"https:\\\/\\\/via-via.eu\\\/de\\\/romeinse-producten\\\/#breadcrumb\"},\"inLanguage\":\"de\",\"potentialAction\":[{\"@type\":\"ReadAction\",\"target\":[\"https:\\\/\\\/via-via.eu\\\/de\\\/romeinse-producten\\\/\"]}]},{\"@type\":\"BreadcrumbList\",\"@id\":\"https:\\\/\\\/via-via.eu\\\/de\\\/romeinse-producten\\\/#breadcrumb\",\"itemListElement\":[{\"@type\":\"ListItem\",\"position\":1,\"name\":\"Home\",\"item\":\"https:\\\/\\\/via-via.eu\\\/de\\\/\"},{\"@type\":\"ListItem\",\"position\":2,\"name\":\"R\u00f6mische Produkte\"}]},{\"@type\":\"WebSite\",\"@id\":\"https:\\\/\\\/via-via.eu\\\/de\\\/#website\",\"url\":\"https:\\\/\\\/via-via.eu\\\/de\\\/\",\"name\":\"VIA VIA\",\"description\":\"Moves you\",\"potentialAction\":[{\"@type\":\"SearchAction\",\"target\":{\"@type\":\"EntryPoint\",\"urlTemplate\":\"https:\\\/\\\/via-via.eu\\\/de\\\/?s={search_term_string}\"},\"query-input\":{\"@type\":\"PropertyValueSpecification\",\"valueRequired\":true,\"valueName\":\"search_term_string\"}}],\"inLanguage\":\"de\"}]}<\/script>\n<!-- \/ Yoast SEO plugin. -->","yoast_head_json":{"title":"R\u00f6mische Produkte - VIA VIA","robots":{"index":"index","follow":"follow","max-snippet":"max-snippet:-1","max-image-preview":"max-image-preview:large","max-video-preview":"max-video-preview:-1"},"canonical":"https:\/\/via-via.eu\/de\/romeinse-producten\/","og_locale":"de_DE","og_type":"article","og_title":"R\u00f6mische Produkte - VIA VIA","og_url":"https:\/\/via-via.eu\/de\/romeinse-producten\/","og_site_name":"VIA VIA","article_modified_time":"2026-01-20T21:01:25+00:00","schema":{"@context":"https:\/\/schema.org","@graph":[{"@type":"WebPage","@id":"https:\/\/via-via.eu\/de\/romeinse-producten\/","url":"https:\/\/via-via.eu\/de\/romeinse-producten\/","name":"R\u00f6mische Produkte - VIA VIA","isPartOf":{"@id":"https:\/\/via-via.eu\/de\/#website"},"datePublished":"2025-09-26T13:02:10+00:00","dateModified":"2026-01-20T21:01:25+00:00","breadcrumb":{"@id":"https:\/\/via-via.eu\/de\/romeinse-producten\/#breadcrumb"},"inLanguage":"de","potentialAction":[{"@type":"ReadAction","target":["https:\/\/via-via.eu\/de\/romeinse-producten\/"]}]},{"@type":"BreadcrumbList","@id":"https:\/\/via-via.eu\/de\/romeinse-producten\/#breadcrumb","itemListElement":[{"@type":"ListItem","position":1,"name":"Home","item":"https:\/\/via-via.eu\/de\/"},{"@type":"ListItem","position":2,"name":"R\u00f6mische Produkte"}]},{"@type":"WebSite","@id":"https:\/\/via-via.eu\/de\/#website","url":"https:\/\/via-via.eu\/de\/","name":"VIA VIA","description":"Moves you","potentialAction":[{"@type":"SearchAction","target":{"@type":"EntryPoint","urlTemplate":"https:\/\/via-via.eu\/de\/?s={search_term_string}"},"query-input":{"@type":"PropertyValueSpecification","valueRequired":true,"valueName":"search_term_string"}}],"inLanguage":"de"}]}},"_links":{"self":[{"href":"https:\/\/via-via.eu\/de\/wp-json\/wp\/v2\/pages\/15070","targetHints":{"allow":["GET"]}}],"collection":[{"href":"https:\/\/via-via.eu\/de\/wp-json\/wp\/v2\/pages"}],"about":[{"href":"https:\/\/via-via.eu\/de\/wp-json\/wp\/v2\/types\/page"}],"author":[{"embeddable":true,"href":"https:\/\/via-via.eu\/de\/wp-json\/wp\/v2\/users\/1"}],"replies":[{"embeddable":true,"href":"https:\/\/via-via.eu\/de\/wp-json\/wp\/v2\/comments?post=15070"}],"version-history":[{"count":10,"href":"https:\/\/via-via.eu\/de\/wp-json\/wp\/v2\/pages\/15070\/revisions"}],"predecessor-version":[{"id":15430,"href":"https:\/\/via-via.eu\/de\/wp-json\/wp\/v2\/pages\/15070\/revisions\/15430"}],"wp:attachment":[{"href":"https:\/\/via-via.eu\/de\/wp-json\/wp\/v2\/media?parent=15070"}],"curies":[{"name":"wp","href":"https:\/\/api.w.org\/{rel}","templated":true}]}}