{"id":14963,"date":"2018-01-14T10:51:36","date_gmt":"2018-01-14T08:51:36","guid":{"rendered":"https:\/\/dev.studiozeven.com\/viavia\/home\/"},"modified":"2026-05-12T17:36:32","modified_gmt":"2026-05-12T15:36:32","slug":"home","status":"publish","type":"page","link":"https:\/\/via-via.eu\/de\/","title":{"rendered":"Home"},"content":{"rendered":"","protected":false},"excerpt":{"rendered":"","protected":false},"author":1,"featured_media":0,"parent":0,"menu_order":0,"comment_status":"closed","ping_status":"closed","template":"page-home.php","meta":{"_acf_changed":false,"inline_featured_image":false,"footnotes":""},"class_list":["post-14963","page","type-page","status-publish","hentry"],"acf":{"builder":[{"acf_fc_layout":"home_intro","afbeelding_desktop1":14821,"afbeelding_mobiel1":14825,"hooftitel":"VIA VIA \r\nmoves you","subtitel":"Deine r\u00f6mische Reise beginnt hier","button_group":[{"button_tekst1":"Via Belgica","button_link1":{"title":"","url":"https:\/\/www.viabelgica.nl\/de\/","target":"_blank"}},{"button_tekst1":"Erlebnisraum R\u00f6merstrasse","button_link1":{"title":"","url":"https:\/\/www.erlebnisraum-roemerstrasse.eu\/","target":"_blank"}}]},{"acf_fc_layout":"home_intro_tekst_beeld","tekst3":"<h2>Erlebe die r\u00f6mische Vergangenheit in der Maas-Rhein-Euregio mit VIA VIA<\/h2>\r\n\u201eWas folgt, ist immer mit dem verbunden, was zuvor geschah.\u201c\r\n\r\nVor fast 2.000 Jahren brachte die R\u00f6merstra\u00dfe Menschen in der Maas-Rhein-Euregio zusammen \u2013 R\u00f6mer, germanische St\u00e4mme und gallische Gemeinschaften. Ab 2027 wird sie dies mit VIA VIA erneut tun: einer immersiven, grenz\u00fcberschreitenden Route, die Belgien, die Niederlande und Deutschland verbindet.\r\n\r\nVIA VIA, entwickelt von 13 Partnern, verkn\u00fcpft bestehende r\u00f6mische Wege zu einer nahtlosen Reise f\u00fcr Wanderer und Radfahrer und umfasst neun immersive Hotspots. Von Themenrouten und 3D-Charakteren bis hin zu interaktiven Ausstellungen und Audiofragmenten lassen diese Hotspots die r\u00f6mische Vergangenheit der Maas-Rhein-Region eindrucksvoll lebendig werden.\r\n\r\nBegleitet von der durch KI zum Leben erweckten r\u00f6mischen H\u00e4ndlerfamilie des Quintus Iulius Viator k\u00f6nnen Besucher deren Reisen \u00fcber die neun Hotspots hinweg folgen und St\u00e4dte, Landschaften und Wahrzeichen so entdecken, wie die Familie sie selbst erlebt hat.\r\n\r\nGestalte deine eigene r\u00f6mische Reise \u2013 wandere, fahre Rad und tauche in die Geschichte ein.","button_group3":[{"button_tekst3":"Entdecke mehr \u00fcber die VIA VIA-Reise","button_link3":{"title":"Over ons","url":"https:\/\/via-via.eu\/de\/uber-uns\/","target":""}}],"foto_of_video":true,"foto":14916,"video":null,"achtergrondkleur3":"bordeaux"},{"acf_fc_layout":"interactieve_kaart"},{"acf_fc_layout":"home_events","uitgelichte_events":[16477]},{"acf_fc_layout":"tekst_foto1","tekst4":"<h2>Entdecken Sie die Kreationen unserer Unternehmer<\/h2>\r\nVIA VIA f\u00fchrt Sie zu zahlreichen r\u00f6mischen Orten sowie zu engagierten Unternehmern, die sich vom r\u00f6mischen Erbe inspirieren lassen. Mit dem Wissen von damals und dem Know-how von heute schaffen sie die originellsten Produkte \u2014 Produkte, die auch Sie geniessen k\u00f6nnen.","button_group4":[{"button_tekst4":"Alle r\u00f6mischen Produkte ansehen","button_link4":{"title":"Romeinse producten","url":"https:\/\/via-via.eu\/romeinse-producten\/","target":""}}],"foto44":14905,"achtergrondkleur4":"wit","viceversa4":false},{"acf_fc_layout":"tekstblok","tekst1":"<h2>Die Wissenschaft hinter VIA VIA<\/h2>\r\nWissenschaftliche Forschung bildet die Grundlage von VIA VIA und stellt sicher, dass unsere grenz\u00fcberschreitende Route sowohl fesselnd als auch historisch korrekt ist. Indem wir den Reichtum unserer Hotspots mit dem neuesten Wissen \u00fcber die r\u00f6mische Vergangenheit der Region verbinden, erhalten Besucher klare und verl\u00e4ssliche Einblicke und k\u00f6nnen vollst\u00e4ndig in die Geschichte eintauchen. Unsere akademischen Partner \u2013 die Universit\u00e9 de Li\u00e8ge und das Forschungsprojekt Constructing the Limes (Universit\u00e4t Utrecht) \u2013 unterst\u00fctzen uns dabei.\r\n\r\nIm Jahr 2027 erweitern sie das VIA VIA-Erlebnis um eine wissenschaftliche Karte und einen Bericht mit detaillierten Informationen \u00fcber r\u00f6mische Funde und ihren Kontext in der Rhein-Maas-Region. Damit zeigen sie die historische Bedeutung der Standorte entlang der VIA VIA-Route auf und helfen Besuchern, das reiche r\u00f6mische Erbe dieser Grenzregion noch besser zu verstehen.","button_group2":null,"achtergrondkleur":"bordeaux"},{"acf_fc_layout":"partners"},{"acf_fc_layout":"tekst_foto2","tekst5":"<h2>Wandern oder radeln Sie unsere Routen mit Hilfe der App<\/h2>\r\nUnsere App begleitet Sie durch die Landschaft und enth\u00e4lt zahlreiche r\u00f6mische Geschichten mit Audiofragmenten, 3D-Visualisierungen, Videos und mehr.","button_group5":[{"button_tekst5":"Apple App Store","button_link5":{"title":"","url":"https:\/\/apps.apple.com\/us\/app\/via-via-via-belgica\/id1375249318","target":""}},{"button_tekst5":"Google Play Store","button_link5":{"title":"","url":"https:\/\/play.google.com\/store\/apps\/details?id=nl.betawerk.viabelgica","target":""}}],"foto5":14825,"achtergrondkleur5":"coraal","viceversa5":true}]},"yoast_head":"<!-- This site is optimized with the Yoast SEO plugin v27.6 - https:\/\/yoast.com\/product\/yoast-seo-wordpress\/ -->\n<title>Romeins Zuid-Limburg | Via Belgica<\/title>\n<meta name=\"robots\" content=\"index, follow, max-snippet:-1, max-image-preview:large, max-video-preview:-1\" \/>\n<link rel=\"canonical\" href=\"https:\/\/via-via.eu\/de\/\" \/>\n<meta property=\"og:locale\" content=\"de_DE\" \/>\n<meta property=\"og:type\" content=\"article\" \/>\n<meta property=\"og:title\" content=\"Romeins Zuid-Limburg | Via Belgica\" \/>\n<meta property=\"og:url\" content=\"https:\/\/via-via.eu\/de\/\" \/>\n<meta property=\"og:site_name\" content=\"VIA VIA\" \/>\n<meta property=\"article:modified_time\" content=\"2026-05-12T15:36:32+00:00\" \/>\n<script type=\"application\/ld+json\" class=\"yoast-schema-graph\">{\"@context\":\"https:\\\/\\\/schema.org\",\"@graph\":[{\"@type\":\"WebPage\",\"@id\":\"https:\\\/\\\/via-via.eu\\\/de\\\/\",\"url\":\"https:\\\/\\\/via-via.eu\\\/de\\\/\",\"name\":\"Romeins Zuid-Limburg | Via Belgica\",\"isPartOf\":{\"@id\":\"https:\\\/\\\/via-via.eu\\\/de\\\/#website\"},\"datePublished\":\"2018-01-14T08:51:36+00:00\",\"dateModified\":\"2026-05-12T15:36:32+00:00\",\"breadcrumb\":{\"@id\":\"https:\\\/\\\/via-via.eu\\\/de\\\/#breadcrumb\"},\"inLanguage\":\"de\",\"potentialAction\":[{\"@type\":\"ReadAction\",\"target\":[\"https:\\\/\\\/via-via.eu\\\/de\\\/\"]}]},{\"@type\":\"BreadcrumbList\",\"@id\":\"https:\\\/\\\/via-via.eu\\\/de\\\/#breadcrumb\",\"itemListElement\":[{\"@type\":\"ListItem\",\"position\":1,\"name\":\"Home\",\"item\":\"https:\\\/\\\/via-via.eu\\\/de\\\/\"},{\"@type\":\"ListItem\",\"position\":2,\"name\":\"Home\"}]},{\"@type\":\"WebSite\",\"@id\":\"https:\\\/\\\/via-via.eu\\\/de\\\/#website\",\"url\":\"https:\\\/\\\/via-via.eu\\\/de\\\/\",\"name\":\"VIA VIA\",\"description\":\"Moves you\",\"potentialAction\":[{\"@type\":\"SearchAction\",\"target\":{\"@type\":\"EntryPoint\",\"urlTemplate\":\"https:\\\/\\\/via-via.eu\\\/de\\\/?s={search_term_string}\"},\"query-input\":{\"@type\":\"PropertyValueSpecification\",\"valueRequired\":true,\"valueName\":\"search_term_string\"}}],\"inLanguage\":\"de\"}]}<\/script>\n<!-- \/ Yoast SEO plugin. -->","yoast_head_json":{"title":"Romeins Zuid-Limburg | Via Belgica","robots":{"index":"index","follow":"follow","max-snippet":"max-snippet:-1","max-image-preview":"max-image-preview:large","max-video-preview":"max-video-preview:-1"},"canonical":"https:\/\/via-via.eu\/de\/","og_locale":"de_DE","og_type":"article","og_title":"Romeins Zuid-Limburg | Via Belgica","og_url":"https:\/\/via-via.eu\/de\/","og_site_name":"VIA VIA","article_modified_time":"2026-05-12T15:36:32+00:00","schema":{"@context":"https:\/\/schema.org","@graph":[{"@type":"WebPage","@id":"https:\/\/via-via.eu\/de\/","url":"https:\/\/via-via.eu\/de\/","name":"Romeins Zuid-Limburg | Via Belgica","isPartOf":{"@id":"https:\/\/via-via.eu\/de\/#website"},"datePublished":"2018-01-14T08:51:36+00:00","dateModified":"2026-05-12T15:36:32+00:00","breadcrumb":{"@id":"https:\/\/via-via.eu\/de\/#breadcrumb"},"inLanguage":"de","potentialAction":[{"@type":"ReadAction","target":["https:\/\/via-via.eu\/de\/"]}]},{"@type":"BreadcrumbList","@id":"https:\/\/via-via.eu\/de\/#breadcrumb","itemListElement":[{"@type":"ListItem","position":1,"name":"Home","item":"https:\/\/via-via.eu\/de\/"},{"@type":"ListItem","position":2,"name":"Home"}]},{"@type":"WebSite","@id":"https:\/\/via-via.eu\/de\/#website","url":"https:\/\/via-via.eu\/de\/","name":"VIA VIA","description":"Moves you","potentialAction":[{"@type":"SearchAction","target":{"@type":"EntryPoint","urlTemplate":"https:\/\/via-via.eu\/de\/?s={search_term_string}"},"query-input":{"@type":"PropertyValueSpecification","valueRequired":true,"valueName":"search_term_string"}}],"inLanguage":"de"}]}},"_links":{"self":[{"href":"https:\/\/via-via.eu\/de\/wp-json\/wp\/v2\/pages\/14963","targetHints":{"allow":["GET"]}}],"collection":[{"href":"https:\/\/via-via.eu\/de\/wp-json\/wp\/v2\/pages"}],"about":[{"href":"https:\/\/via-via.eu\/de\/wp-json\/wp\/v2\/types\/page"}],"author":[{"embeddable":true,"href":"https:\/\/via-via.eu\/de\/wp-json\/wp\/v2\/users\/1"}],"replies":[{"embeddable":true,"href":"https:\/\/via-via.eu\/de\/wp-json\/wp\/v2\/comments?post=14963"}],"version-history":[{"count":12,"href":"https:\/\/via-via.eu\/de\/wp-json\/wp\/v2\/pages\/14963\/revisions"}],"predecessor-version":[{"id":16486,"href":"https:\/\/via-via.eu\/de\/wp-json\/wp\/v2\/pages\/14963\/revisions\/16486"}],"wp:attachment":[{"href":"https:\/\/via-via.eu\/de\/wp-json\/wp\/v2\/media?parent=14963"}],"curies":[{"name":"wp","href":"https:\/\/api.w.org\/{rel}","templated":true}]}}